{"id":18522,"date":"2024-07-04T20:02:07","date_gmt":"2024-07-04T18:02:07","guid":{"rendered":"https:\/\/abcdomkrakow.pl\/sklep\/?post_type=product&#038;p=18522"},"modified":"2024-07-04T20:06:15","modified_gmt":"2024-07-04T18:06:15","slug":"swiss-krono-platinium-dab-bodrum-ac5-8-50574","status":"publish","type":"product","link":"https:\/\/abcdomkrakow.pl\/sklep\/produkt\/producent\/swiss-krono-platinium\/swiss-krono-platinium-dab-bodrum-ac5-8-50574\/","title":{"rendered":"Swiss Krono Platinium D\u0105b Bodrum AC5 8 50574"},"content":{"rendered":"","protected":false},"excerpt":{"rendered":"<p>D\u0105b Alladyn AC5 8<\/p>\n","protected":false},"featured_media":18523,"template":"","meta":[],"product_brand":[],"product_cat":[487,780],"product_tag":[],"class_list":{"0":"post-18522","1":"product","2":"type-product","3":"status-publish","4":"has-post-thumbnail","6":"product_cat-panele-laminowane","7":"product_cat-swiss-krono-platinium","8":"pa_gwarancja-30-lat","9":"pa_ilosc-desek-opakowanie-518","10":"pa_klasa-scieralnosci-ac5","11":"pa_kolekcja-terra-aqua-block-24h","12":"pa_kolor-jasny","13":"pa_m2-opakowanie-2-372","14":"pa_metoda-montazu-bezklejowo-jako-podloga-plywajaca","15":"pa_ogrzewanie-podlogowe-tak","16":"pa_producent-swiss-krono-platinium","17":"pa_rodzaj-podlogi-panele-laminowane","18":"pa_struktura-postarzanego-drewna","19":"pa_technologia-wodoodporna-odporne-na-wode","20":"pa_v-fuga-v-fuga-4-stronna","21":"pa_wzor-deska","23":"first","24":"instock","25":"purchasable","26":"product-type-simple"},"yoast_head":"<!-- This site is optimized with the Yoast SEO plugin v24.4 - https:\/\/yoast.com\/wordpress\/plugins\/seo\/ -->\n<title>Swiss Krono Platinium D\u0105b Bodrum AC5 8 50574 - AbcDom e-sklep z panelami podlogowymi<\/title>\n<meta name=\"robots\" content=\"index, follow, max-snippet:-1, max-image-preview:large, max-video-preview:-1\" \/>\n<link rel=\"canonical\" href=\"https:\/\/abcdomkrakow.pl\/sklep\/produkt\/producent\/swiss-krono-platinium\/swiss-krono-platinium-dab-bodrum-ac5-8-50574\/\" \/>\n<meta property=\"og:locale\" content=\"pl_PL\" \/>\n<meta property=\"og:type\" content=\"article\" \/>\n<meta property=\"og:title\" content=\"Swiss Krono Platinium D\u0105b Bodrum AC5 8 50574 - AbcDom e-sklep z panelami podlogowymi\" \/>\n<meta property=\"og:description\" content=\"D\u0105b Alladyn AC5 8\" \/>\n<meta property=\"og:url\" content=\"https:\/\/abcdomkrakow.pl\/sklep\/produkt\/producent\/swiss-krono-platinium\/swiss-krono-platinium-dab-bodrum-ac5-8-50574\/\" \/>\n<meta property=\"og:site_name\" content=\"AbcDom e-sklep z panelami podlogowymi\" \/>\n<meta property=\"article:modified_time\" content=\"2024-07-04T18:06:15+00:00\" \/>\n<meta property=\"og:image\" content=\"https:\/\/abcdomkrakow.pl\/sklep\/wp-content\/uploads\/2024\/07\/PBTE50574-Panele-podlogowe-Dab-Bodrum-50574-Swiss-Krono-Platinium.jpg\" \/>\n\t<meta property=\"og:image:width\" content=\"1024\" \/>\n\t<meta property=\"og:image:height\" content=\"1024\" \/>\n\t<meta property=\"og:image:type\" content=\"image\/jpeg\" \/>\n<meta name=\"twitter:card\" content=\"summary_large_image\" \/>\n<meta name=\"twitter:label1\" content=\"Szacowany czas czytania\" \/>\n\t<meta name=\"twitter:data1\" content=\"1 minuta\" \/>\n<script type=\"application\/ld+json\" class=\"yoast-schema-graph\">{\"@context\":\"https:\/\/schema.org\",\"@graph\":[{\"@type\":\"WebPage\",\"@id\":\"https:\/\/abcdomkrakow.pl\/sklep\/produkt\/producent\/swiss-krono-platinium\/swiss-krono-platinium-dab-bodrum-ac5-8-50574\/\",\"url\":\"https:\/\/abcdomkrakow.pl\/sklep\/produkt\/producent\/swiss-krono-platinium\/swiss-krono-platinium-dab-bodrum-ac5-8-50574\/\",\"name\":\"Swiss Krono Platinium D\u0105b Bodrum AC5 8 50574 - AbcDom e-sklep z panelami podlogowymi\",\"isPartOf\":{\"@id\":\"https:\/\/abcdomkrakow.pl\/sklep\/#website\"},\"primaryImageOfPage\":{\"@id\":\"https:\/\/abcdomkrakow.pl\/sklep\/produkt\/producent\/swiss-krono-platinium\/swiss-krono-platinium-dab-bodrum-ac5-8-50574\/#primaryimage\"},\"image\":{\"@id\":\"https:\/\/abcdomkrakow.pl\/sklep\/produkt\/producent\/swiss-krono-platinium\/swiss-krono-platinium-dab-bodrum-ac5-8-50574\/#primaryimage\"},\"thumbnailUrl\":\"https:\/\/abcdomkrakow.pl\/sklep\/wp-content\/uploads\/2024\/07\/PBTE50574-Panele-podlogowe-Dab-Bodrum-50574-Swiss-Krono-Platinium.jpg\",\"datePublished\":\"2024-07-04T18:02:07+00:00\",\"dateModified\":\"2024-07-04T18:06:15+00:00\",\"breadcrumb\":{\"@id\":\"https:\/\/abcdomkrakow.pl\/sklep\/produkt\/producent\/swiss-krono-platinium\/swiss-krono-platinium-dab-bodrum-ac5-8-50574\/#breadcrumb\"},\"inLanguage\":\"pl-PL\",\"potentialAction\":[{\"@type\":\"ReadAction\",\"target\":[\"https:\/\/abcdomkrakow.pl\/sklep\/produkt\/producent\/swiss-krono-platinium\/swiss-krono-platinium-dab-bodrum-ac5-8-50574\/\"]}]},{\"@type\":\"ImageObject\",\"inLanguage\":\"pl-PL\",\"@id\":\"https:\/\/abcdomkrakow.pl\/sklep\/produkt\/producent\/swiss-krono-platinium\/swiss-krono-platinium-dab-bodrum-ac5-8-50574\/#primaryimage\",\"url\":\"https:\/\/abcdomkrakow.pl\/sklep\/wp-content\/uploads\/2024\/07\/PBTE50574-Panele-podlogowe-Dab-Bodrum-50574-Swiss-Krono-Platinium.jpg\",\"contentUrl\":\"https:\/\/abcdomkrakow.pl\/sklep\/wp-content\/uploads\/2024\/07\/PBTE50574-Panele-podlogowe-Dab-Bodrum-50574-Swiss-Krono-Platinium.jpg\",\"width\":1024,\"height\":1024},{\"@type\":\"BreadcrumbList\",\"@id\":\"https:\/\/abcdomkrakow.pl\/sklep\/produkt\/producent\/swiss-krono-platinium\/swiss-krono-platinium-dab-bodrum-ac5-8-50574\/#breadcrumb\",\"itemListElement\":[{\"@type\":\"ListItem\",\"position\":1,\"name\":\"Strona g\u0142\u00f3wna\",\"item\":\"https:\/\/abcdomkrakow.pl\/sklep\/\"},{\"@type\":\"ListItem\",\"position\":2,\"name\":\"E-sklep ABCDom\",\"item\":\"https:\/\/abcdomkrakow.pl\/sklep\/strona-sklepu\/\"},{\"@type\":\"ListItem\",\"position\":3,\"name\":\"Swiss Krono Platinium D\u0105b Bodrum AC5 8 50574\"}]},{\"@type\":\"WebSite\",\"@id\":\"https:\/\/abcdomkrakow.pl\/sklep\/#website\",\"url\":\"https:\/\/abcdomkrakow.pl\/sklep\/\",\"name\":\"AbcDom e-sklep z panelami podlogowymi\",\"description\":\"Oferujemy panele pod\u0142ogowe i parkiety. Panele winylowe i laminowane od producent\u00f3w Quickstep oraz Pergo. Szybka wycena, mo\u017cliwo\u015bc monta\u017cu i ciekawe promocje.\",\"publisher\":{\"@id\":\"https:\/\/abcdomkrakow.pl\/sklep\/#organization\"},\"potentialAction\":[{\"@type\":\"SearchAction\",\"target\":{\"@type\":\"EntryPoint\",\"urlTemplate\":\"https:\/\/abcdomkrakow.pl\/sklep\/?s={search_term_string}\"},\"query-input\":{\"@type\":\"PropertyValueSpecification\",\"valueRequired\":true,\"valueName\":\"search_term_string\"}}],\"inLanguage\":\"pl-PL\"},{\"@type\":\"Organization\",\"@id\":\"https:\/\/abcdomkrakow.pl\/sklep\/#organization\",\"name\":\"AbcDom Krak\u00f3w Sklep z Panelami Pod\u0142ogowymi\",\"url\":\"https:\/\/abcdomkrakow.pl\/sklep\/\",\"logo\":{\"@type\":\"ImageObject\",\"inLanguage\":\"pl-PL\",\"@id\":\"https:\/\/abcdomkrakow.pl\/sklep\/#\/schema\/logo\/image\/\",\"url\":\"https:\/\/abcdomkrakow.pl\/sklep\/wp-content\/uploads\/2020\/04\/logo-abcdom-krakow-drzwi-podlogi.png\",\"contentUrl\":\"https:\/\/abcdomkrakow.pl\/sklep\/wp-content\/uploads\/2020\/04\/logo-abcdom-krakow-drzwi-podlogi.png\",\"width\":230,\"height\":49,\"caption\":\"AbcDom Krak\u00f3w Sklep z Panelami Pod\u0142ogowymi\"},\"image\":{\"@id\":\"https:\/\/abcdomkrakow.pl\/sklep\/#\/schema\/logo\/image\/\"}}]}<\/script>\n<!-- \/ Yoast SEO plugin. -->","yoast_head_json":{"title":"Swiss Krono Platinium D\u0105b Bodrum AC5 8 50574 - AbcDom e-sklep z panelami podlogowymi","robots":{"index":"index","follow":"follow","max-snippet":"max-snippet:-1","max-image-preview":"max-image-preview:large","max-video-preview":"max-video-preview:-1"},"canonical":"https:\/\/abcdomkrakow.pl\/sklep\/produkt\/producent\/swiss-krono-platinium\/swiss-krono-platinium-dab-bodrum-ac5-8-50574\/","og_locale":"pl_PL","og_type":"article","og_title":"Swiss Krono Platinium D\u0105b Bodrum AC5 8 50574 - AbcDom e-sklep z panelami podlogowymi","og_description":"D\u0105b Alladyn AC5 8","og_url":"https:\/\/abcdomkrakow.pl\/sklep\/produkt\/producent\/swiss-krono-platinium\/swiss-krono-platinium-dab-bodrum-ac5-8-50574\/","og_site_name":"AbcDom e-sklep z panelami podlogowymi","article_modified_time":"2024-07-04T18:06:15+00:00","og_image":[{"width":1024,"height":1024,"url":"https:\/\/abcdomkrakow.pl\/sklep\/wp-content\/uploads\/2024\/07\/PBTE50574-Panele-podlogowe-Dab-Bodrum-50574-Swiss-Krono-Platinium.jpg","type":"image\/jpeg"}],"twitter_card":"summary_large_image","twitter_misc":{"Szacowany czas czytania":"1 minuta"},"schema":{"@context":"https:\/\/schema.org","@graph":[{"@type":"WebPage","@id":"https:\/\/abcdomkrakow.pl\/sklep\/produkt\/producent\/swiss-krono-platinium\/swiss-krono-platinium-dab-bodrum-ac5-8-50574\/","url":"https:\/\/abcdomkrakow.pl\/sklep\/produkt\/producent\/swiss-krono-platinium\/swiss-krono-platinium-dab-bodrum-ac5-8-50574\/","name":"Swiss Krono Platinium D\u0105b Bodrum AC5 8 50574 - AbcDom e-sklep z panelami podlogowymi","isPartOf":{"@id":"https:\/\/abcdomkrakow.pl\/sklep\/#website"},"primaryImageOfPage":{"@id":"https:\/\/abcdomkrakow.pl\/sklep\/produkt\/producent\/swiss-krono-platinium\/swiss-krono-platinium-dab-bodrum-ac5-8-50574\/#primaryimage"},"image":{"@id":"https:\/\/abcdomkrakow.pl\/sklep\/produkt\/producent\/swiss-krono-platinium\/swiss-krono-platinium-dab-bodrum-ac5-8-50574\/#primaryimage"},"thumbnailUrl":"https:\/\/abcdomkrakow.pl\/sklep\/wp-content\/uploads\/2024\/07\/PBTE50574-Panele-podlogowe-Dab-Bodrum-50574-Swiss-Krono-Platinium.jpg","datePublished":"2024-07-04T18:02:07+00:00","dateModified":"2024-07-04T18:06:15+00:00","breadcrumb":{"@id":"https:\/\/abcdomkrakow.pl\/sklep\/produkt\/producent\/swiss-krono-platinium\/swiss-krono-platinium-dab-bodrum-ac5-8-50574\/#breadcrumb"},"inLanguage":"pl-PL","potentialAction":[{"@type":"ReadAction","target":["https:\/\/abcdomkrakow.pl\/sklep\/produkt\/producent\/swiss-krono-platinium\/swiss-krono-platinium-dab-bodrum-ac5-8-50574\/"]}]},{"@type":"ImageObject","inLanguage":"pl-PL","@id":"https:\/\/abcdomkrakow.pl\/sklep\/produkt\/producent\/swiss-krono-platinium\/swiss-krono-platinium-dab-bodrum-ac5-8-50574\/#primaryimage","url":"https:\/\/abcdomkrakow.pl\/sklep\/wp-content\/uploads\/2024\/07\/PBTE50574-Panele-podlogowe-Dab-Bodrum-50574-Swiss-Krono-Platinium.jpg","contentUrl":"https:\/\/abcdomkrakow.pl\/sklep\/wp-content\/uploads\/2024\/07\/PBTE50574-Panele-podlogowe-Dab-Bodrum-50574-Swiss-Krono-Platinium.jpg","width":1024,"height":1024},{"@type":"BreadcrumbList","@id":"https:\/\/abcdomkrakow.pl\/sklep\/produkt\/producent\/swiss-krono-platinium\/swiss-krono-platinium-dab-bodrum-ac5-8-50574\/#breadcrumb","itemListElement":[{"@type":"ListItem","position":1,"name":"Strona g\u0142\u00f3wna","item":"https:\/\/abcdomkrakow.pl\/sklep\/"},{"@type":"ListItem","position":2,"name":"E-sklep ABCDom","item":"https:\/\/abcdomkrakow.pl\/sklep\/strona-sklepu\/"},{"@type":"ListItem","position":3,"name":"Swiss Krono Platinium D\u0105b Bodrum AC5 8 50574"}]},{"@type":"WebSite","@id":"https:\/\/abcdomkrakow.pl\/sklep\/#website","url":"https:\/\/abcdomkrakow.pl\/sklep\/","name":"AbcDom e-sklep z panelami podlogowymi","description":"Oferujemy panele pod\u0142ogowe i parkiety. Panele winylowe i laminowane od producent\u00f3w Quickstep oraz Pergo. Szybka wycena, mo\u017cliwo\u015bc monta\u017cu i ciekawe promocje.","publisher":{"@id":"https:\/\/abcdomkrakow.pl\/sklep\/#organization"},"potentialAction":[{"@type":"SearchAction","target":{"@type":"EntryPoint","urlTemplate":"https:\/\/abcdomkrakow.pl\/sklep\/?s={search_term_string}"},"query-input":{"@type":"PropertyValueSpecification","valueRequired":true,"valueName":"search_term_string"}}],"inLanguage":"pl-PL"},{"@type":"Organization","@id":"https:\/\/abcdomkrakow.pl\/sklep\/#organization","name":"AbcDom Krak\u00f3w Sklep z Panelami Pod\u0142ogowymi","url":"https:\/\/abcdomkrakow.pl\/sklep\/","logo":{"@type":"ImageObject","inLanguage":"pl-PL","@id":"https:\/\/abcdomkrakow.pl\/sklep\/#\/schema\/logo\/image\/","url":"https:\/\/abcdomkrakow.pl\/sklep\/wp-content\/uploads\/2020\/04\/logo-abcdom-krakow-drzwi-podlogi.png","contentUrl":"https:\/\/abcdomkrakow.pl\/sklep\/wp-content\/uploads\/2020\/04\/logo-abcdom-krakow-drzwi-podlogi.png","width":230,"height":49,"caption":"AbcDom Krak\u00f3w Sklep z Panelami Pod\u0142ogowymi"},"image":{"@id":"https:\/\/abcdomkrakow.pl\/sklep\/#\/schema\/logo\/image\/"}}]}},"_links":{"self":[{"href":"https:\/\/abcdomkrakow.pl\/sklep\/wp-json\/wp\/v2\/product\/18522","targetHints":{"allow":["GET"]}}],"collection":[{"href":"https:\/\/abcdomkrakow.pl\/sklep\/wp-json\/wp\/v2\/product"}],"about":[{"href":"https:\/\/abcdomkrakow.pl\/sklep\/wp-json\/wp\/v2\/types\/product"}],"wp:featuredmedia":[{"embeddable":true,"href":"https:\/\/abcdomkrakow.pl\/sklep\/wp-json\/wp\/v2\/media\/18523"}],"wp:attachment":[{"href":"https:\/\/abcdomkrakow.pl\/sklep\/wp-json\/wp\/v2\/media?parent=18522"}],"wp:term":[{"taxonomy":"product_brand","embeddable":true,"href":"https:\/\/abcdomkrakow.pl\/sklep\/wp-json\/wp\/v2\/product_brand?post=18522"},{"taxonomy":"product_cat","embeddable":true,"href":"https:\/\/abcdomkrakow.pl\/sklep\/wp-json\/wp\/v2\/product_cat?post=18522"},{"taxonomy":"product_tag","embeddable":true,"href":"https:\/\/abcdomkrakow.pl\/sklep\/wp-json\/wp\/v2\/product_tag?post=18522"}],"curies":[{"name":"wp","href":"https:\/\/api.w.org\/{rel}","templated":true}]}}