{"id":18260,"date":"2022-12-28T09:06:41","date_gmt":"2022-12-28T08:06:41","guid":{"rendered":"https:\/\/abcdomkrakow.pl\/sklep\/produkt\/bez-kategorii\/panele-winylowe-coretec-proplus-50-rlve-1229-union\/"},"modified":"2023-01-10T18:17:15","modified_gmt":"2023-01-10T17:17:15","slug":"panele-winylowe-coretec-proplus-50-rlve-1229-union","status":"publish","type":"product","link":"https:\/\/abcdomkrakow.pl\/sklep\/produkt\/producent\/coretec\/panele-winylowe-coretec-proplus-50-rlve-1229-union\/","title":{"rendered":"Panele winylowe COREtec\u00ae ProPlus 50 RLVE 1229 Union"},"content":{"rendered":"","protected":false},"excerpt":{"rendered":"<p>50 RLVE 1229 Union<\/p>\n","protected":false},"featured_media":18261,"template":"","meta":[],"product_brand":[],"product_cat":[791,484],"product_tag":[],"class_list":{"0":"post-18260","1":"product","2":"type-product","3":"status-publish","4":"has-post-thumbnail","6":"product_cat-coretec","7":"product_cat-panele-winylowe","8":"pa_identyfikator-kolekcji-proplus-l","9":"pa_ilosc-desek-opakowanie-603","10":"pa_kolekcja-coretec-proplus","11":"pa_kolor-jasnoszary","12":"pa_m2-opakowanie-2-78","13":"pa_producent-coretec","14":"pa_rodzaj-podlogi-panele-winylowe","15":"pa_v-fuga-4-stronna","17":"first","18":"instock","19":"purchasable","20":"product-type-simple"},"yoast_head":"<!-- This site is optimized with the Yoast SEO plugin v24.4 - https:\/\/yoast.com\/wordpress\/plugins\/seo\/ -->\n<title>Panele winylowe COREtec\u00ae ProPlus 50 RLVE 1229 Union - AbcDom e-sklep z panelami podlogowymi<\/title>\n<meta name=\"robots\" content=\"index, follow, max-snippet:-1, max-image-preview:large, max-video-preview:-1\" \/>\n<link rel=\"canonical\" href=\"https:\/\/abcdomkrakow.pl\/sklep\/produkt\/producent\/coretec\/panele-winylowe-coretec-proplus-50-rlve-1229-union\/\" \/>\n<meta property=\"og:locale\" content=\"pl_PL\" \/>\n<meta property=\"og:type\" content=\"article\" \/>\n<meta property=\"og:title\" content=\"Panele winylowe COREtec\u00ae ProPlus 50 RLVE 1229 Union - AbcDom e-sklep z panelami podlogowymi\" \/>\n<meta property=\"og:description\" content=\"50 RLVE 1229 Union\" \/>\n<meta property=\"og:url\" content=\"https:\/\/abcdomkrakow.pl\/sklep\/produkt\/producent\/coretec\/panele-winylowe-coretec-proplus-50-rlve-1229-union\/\" \/>\n<meta property=\"og:site_name\" content=\"AbcDom e-sklep z panelami podlogowymi\" \/>\n<meta property=\"article:modified_time\" content=\"2023-01-10T17:17:15+00:00\" \/>\n<meta property=\"og:image\" content=\"https:\/\/abcdomkrakow.pl\/sklep\/wp-content\/uploads\/2022\/12\/a207916e5f8adf0f04efc299e6210487b10206c6.jpg\" \/>\n\t<meta property=\"og:image:width\" content=\"516\" \/>\n\t<meta property=\"og:image:height\" content=\"273\" \/>\n\t<meta property=\"og:image:type\" content=\"image\/jpeg\" \/>\n<meta name=\"twitter:card\" content=\"summary_large_image\" \/>\n<script type=\"application\/ld+json\" class=\"yoast-schema-graph\">{\"@context\":\"https:\/\/schema.org\",\"@graph\":[{\"@type\":\"WebPage\",\"@id\":\"https:\/\/abcdomkrakow.pl\/sklep\/produkt\/producent\/coretec\/panele-winylowe-coretec-proplus-50-rlve-1229-union\/\",\"url\":\"https:\/\/abcdomkrakow.pl\/sklep\/produkt\/producent\/coretec\/panele-winylowe-coretec-proplus-50-rlve-1229-union\/\",\"name\":\"Panele winylowe COREtec\u00ae ProPlus 50 RLVE 1229 Union - AbcDom e-sklep z panelami podlogowymi\",\"isPartOf\":{\"@id\":\"https:\/\/abcdomkrakow.pl\/sklep\/#website\"},\"primaryImageOfPage\":{\"@id\":\"https:\/\/abcdomkrakow.pl\/sklep\/produkt\/producent\/coretec\/panele-winylowe-coretec-proplus-50-rlve-1229-union\/#primaryimage\"},\"image\":{\"@id\":\"https:\/\/abcdomkrakow.pl\/sklep\/produkt\/producent\/coretec\/panele-winylowe-coretec-proplus-50-rlve-1229-union\/#primaryimage\"},\"thumbnailUrl\":\"https:\/\/abcdomkrakow.pl\/sklep\/wp-content\/uploads\/2022\/12\/a207916e5f8adf0f04efc299e6210487b10206c6.jpg\",\"datePublished\":\"2022-12-28T08:06:41+00:00\",\"dateModified\":\"2023-01-10T17:17:15+00:00\",\"breadcrumb\":{\"@id\":\"https:\/\/abcdomkrakow.pl\/sklep\/produkt\/producent\/coretec\/panele-winylowe-coretec-proplus-50-rlve-1229-union\/#breadcrumb\"},\"inLanguage\":\"pl-PL\",\"potentialAction\":[{\"@type\":\"ReadAction\",\"target\":[\"https:\/\/abcdomkrakow.pl\/sklep\/produkt\/producent\/coretec\/panele-winylowe-coretec-proplus-50-rlve-1229-union\/\"]}]},{\"@type\":\"ImageObject\",\"inLanguage\":\"pl-PL\",\"@id\":\"https:\/\/abcdomkrakow.pl\/sklep\/produkt\/producent\/coretec\/panele-winylowe-coretec-proplus-50-rlve-1229-union\/#primaryimage\",\"url\":\"https:\/\/abcdomkrakow.pl\/sklep\/wp-content\/uploads\/2022\/12\/a207916e5f8adf0f04efc299e6210487b10206c6.jpg\",\"contentUrl\":\"https:\/\/abcdomkrakow.pl\/sklep\/wp-content\/uploads\/2022\/12\/a207916e5f8adf0f04efc299e6210487b10206c6.jpg\",\"width\":516,\"height\":273},{\"@type\":\"BreadcrumbList\",\"@id\":\"https:\/\/abcdomkrakow.pl\/sklep\/produkt\/producent\/coretec\/panele-winylowe-coretec-proplus-50-rlve-1229-union\/#breadcrumb\",\"itemListElement\":[{\"@type\":\"ListItem\",\"position\":1,\"name\":\"Strona g\u0142\u00f3wna\",\"item\":\"https:\/\/abcdomkrakow.pl\/sklep\/\"},{\"@type\":\"ListItem\",\"position\":2,\"name\":\"E-sklep ABCDom\",\"item\":\"https:\/\/abcdomkrakow.pl\/sklep\/strona-sklepu\/\"},{\"@type\":\"ListItem\",\"position\":3,\"name\":\"Panele winylowe COREtec\u00ae ProPlus 50 RLVE 1229 Union\"}]},{\"@type\":\"WebSite\",\"@id\":\"https:\/\/abcdomkrakow.pl\/sklep\/#website\",\"url\":\"https:\/\/abcdomkrakow.pl\/sklep\/\",\"name\":\"AbcDom e-sklep z panelami podlogowymi\",\"description\":\"Oferujemy panele pod\u0142ogowe i parkiety. Panele winylowe i laminowane od producent\u00f3w Quickstep oraz Pergo. Szybka wycena, mo\u017cliwo\u015bc monta\u017cu i ciekawe promocje.\",\"publisher\":{\"@id\":\"https:\/\/abcdomkrakow.pl\/sklep\/#organization\"},\"potentialAction\":[{\"@type\":\"SearchAction\",\"target\":{\"@type\":\"EntryPoint\",\"urlTemplate\":\"https:\/\/abcdomkrakow.pl\/sklep\/?s={search_term_string}\"},\"query-input\":{\"@type\":\"PropertyValueSpecification\",\"valueRequired\":true,\"valueName\":\"search_term_string\"}}],\"inLanguage\":\"pl-PL\"},{\"@type\":\"Organization\",\"@id\":\"https:\/\/abcdomkrakow.pl\/sklep\/#organization\",\"name\":\"AbcDom Krak\u00f3w Sklep z Panelami Pod\u0142ogowymi\",\"url\":\"https:\/\/abcdomkrakow.pl\/sklep\/\",\"logo\":{\"@type\":\"ImageObject\",\"inLanguage\":\"pl-PL\",\"@id\":\"https:\/\/abcdomkrakow.pl\/sklep\/#\/schema\/logo\/image\/\",\"url\":\"https:\/\/abcdomkrakow.pl\/sklep\/wp-content\/uploads\/2020\/04\/logo-abcdom-krakow-drzwi-podlogi.png\",\"contentUrl\":\"https:\/\/abcdomkrakow.pl\/sklep\/wp-content\/uploads\/2020\/04\/logo-abcdom-krakow-drzwi-podlogi.png\",\"width\":230,\"height\":49,\"caption\":\"AbcDom Krak\u00f3w Sklep z Panelami Pod\u0142ogowymi\"},\"image\":{\"@id\":\"https:\/\/abcdomkrakow.pl\/sklep\/#\/schema\/logo\/image\/\"}}]}<\/script>\n<!-- \/ Yoast SEO plugin. -->","yoast_head_json":{"title":"Panele winylowe COREtec\u00ae ProPlus 50 RLVE 1229 Union - AbcDom e-sklep z panelami podlogowymi","robots":{"index":"index","follow":"follow","max-snippet":"max-snippet:-1","max-image-preview":"max-image-preview:large","max-video-preview":"max-video-preview:-1"},"canonical":"https:\/\/abcdomkrakow.pl\/sklep\/produkt\/producent\/coretec\/panele-winylowe-coretec-proplus-50-rlve-1229-union\/","og_locale":"pl_PL","og_type":"article","og_title":"Panele winylowe COREtec\u00ae ProPlus 50 RLVE 1229 Union - AbcDom e-sklep z panelami podlogowymi","og_description":"50 RLVE 1229 Union","og_url":"https:\/\/abcdomkrakow.pl\/sklep\/produkt\/producent\/coretec\/panele-winylowe-coretec-proplus-50-rlve-1229-union\/","og_site_name":"AbcDom e-sklep z panelami podlogowymi","article_modified_time":"2023-01-10T17:17:15+00:00","og_image":[{"width":516,"height":273,"url":"https:\/\/abcdomkrakow.pl\/sklep\/wp-content\/uploads\/2022\/12\/a207916e5f8adf0f04efc299e6210487b10206c6.jpg","type":"image\/jpeg"}],"twitter_card":"summary_large_image","schema":{"@context":"https:\/\/schema.org","@graph":[{"@type":"WebPage","@id":"https:\/\/abcdomkrakow.pl\/sklep\/produkt\/producent\/coretec\/panele-winylowe-coretec-proplus-50-rlve-1229-union\/","url":"https:\/\/abcdomkrakow.pl\/sklep\/produkt\/producent\/coretec\/panele-winylowe-coretec-proplus-50-rlve-1229-union\/","name":"Panele winylowe COREtec\u00ae ProPlus 50 RLVE 1229 Union - AbcDom e-sklep z panelami podlogowymi","isPartOf":{"@id":"https:\/\/abcdomkrakow.pl\/sklep\/#website"},"primaryImageOfPage":{"@id":"https:\/\/abcdomkrakow.pl\/sklep\/produkt\/producent\/coretec\/panele-winylowe-coretec-proplus-50-rlve-1229-union\/#primaryimage"},"image":{"@id":"https:\/\/abcdomkrakow.pl\/sklep\/produkt\/producent\/coretec\/panele-winylowe-coretec-proplus-50-rlve-1229-union\/#primaryimage"},"thumbnailUrl":"https:\/\/abcdomkrakow.pl\/sklep\/wp-content\/uploads\/2022\/12\/a207916e5f8adf0f04efc299e6210487b10206c6.jpg","datePublished":"2022-12-28T08:06:41+00:00","dateModified":"2023-01-10T17:17:15+00:00","breadcrumb":{"@id":"https:\/\/abcdomkrakow.pl\/sklep\/produkt\/producent\/coretec\/panele-winylowe-coretec-proplus-50-rlve-1229-union\/#breadcrumb"},"inLanguage":"pl-PL","potentialAction":[{"@type":"ReadAction","target":["https:\/\/abcdomkrakow.pl\/sklep\/produkt\/producent\/coretec\/panele-winylowe-coretec-proplus-50-rlve-1229-union\/"]}]},{"@type":"ImageObject","inLanguage":"pl-PL","@id":"https:\/\/abcdomkrakow.pl\/sklep\/produkt\/producent\/coretec\/panele-winylowe-coretec-proplus-50-rlve-1229-union\/#primaryimage","url":"https:\/\/abcdomkrakow.pl\/sklep\/wp-content\/uploads\/2022\/12\/a207916e5f8adf0f04efc299e6210487b10206c6.jpg","contentUrl":"https:\/\/abcdomkrakow.pl\/sklep\/wp-content\/uploads\/2022\/12\/a207916e5f8adf0f04efc299e6210487b10206c6.jpg","width":516,"height":273},{"@type":"BreadcrumbList","@id":"https:\/\/abcdomkrakow.pl\/sklep\/produkt\/producent\/coretec\/panele-winylowe-coretec-proplus-50-rlve-1229-union\/#breadcrumb","itemListElement":[{"@type":"ListItem","position":1,"name":"Strona g\u0142\u00f3wna","item":"https:\/\/abcdomkrakow.pl\/sklep\/"},{"@type":"ListItem","position":2,"name":"E-sklep ABCDom","item":"https:\/\/abcdomkrakow.pl\/sklep\/strona-sklepu\/"},{"@type":"ListItem","position":3,"name":"Panele winylowe COREtec\u00ae ProPlus 50 RLVE 1229 Union"}]},{"@type":"WebSite","@id":"https:\/\/abcdomkrakow.pl\/sklep\/#website","url":"https:\/\/abcdomkrakow.pl\/sklep\/","name":"AbcDom e-sklep z panelami podlogowymi","description":"Oferujemy panele pod\u0142ogowe i parkiety. Panele winylowe i laminowane od producent\u00f3w Quickstep oraz Pergo. Szybka wycena, mo\u017cliwo\u015bc monta\u017cu i ciekawe promocje.","publisher":{"@id":"https:\/\/abcdomkrakow.pl\/sklep\/#organization"},"potentialAction":[{"@type":"SearchAction","target":{"@type":"EntryPoint","urlTemplate":"https:\/\/abcdomkrakow.pl\/sklep\/?s={search_term_string}"},"query-input":{"@type":"PropertyValueSpecification","valueRequired":true,"valueName":"search_term_string"}}],"inLanguage":"pl-PL"},{"@type":"Organization","@id":"https:\/\/abcdomkrakow.pl\/sklep\/#organization","name":"AbcDom Krak\u00f3w Sklep z Panelami Pod\u0142ogowymi","url":"https:\/\/abcdomkrakow.pl\/sklep\/","logo":{"@type":"ImageObject","inLanguage":"pl-PL","@id":"https:\/\/abcdomkrakow.pl\/sklep\/#\/schema\/logo\/image\/","url":"https:\/\/abcdomkrakow.pl\/sklep\/wp-content\/uploads\/2020\/04\/logo-abcdom-krakow-drzwi-podlogi.png","contentUrl":"https:\/\/abcdomkrakow.pl\/sklep\/wp-content\/uploads\/2020\/04\/logo-abcdom-krakow-drzwi-podlogi.png","width":230,"height":49,"caption":"AbcDom Krak\u00f3w Sklep z Panelami Pod\u0142ogowymi"},"image":{"@id":"https:\/\/abcdomkrakow.pl\/sklep\/#\/schema\/logo\/image\/"}}]}},"_links":{"self":[{"href":"https:\/\/abcdomkrakow.pl\/sklep\/wp-json\/wp\/v2\/product\/18260","targetHints":{"allow":["GET"]}}],"collection":[{"href":"https:\/\/abcdomkrakow.pl\/sklep\/wp-json\/wp\/v2\/product"}],"about":[{"href":"https:\/\/abcdomkrakow.pl\/sklep\/wp-json\/wp\/v2\/types\/product"}],"wp:featuredmedia":[{"embeddable":true,"href":"https:\/\/abcdomkrakow.pl\/sklep\/wp-json\/wp\/v2\/media\/18261"}],"wp:attachment":[{"href":"https:\/\/abcdomkrakow.pl\/sklep\/wp-json\/wp\/v2\/media?parent=18260"}],"wp:term":[{"taxonomy":"product_brand","embeddable":true,"href":"https:\/\/abcdomkrakow.pl\/sklep\/wp-json\/wp\/v2\/product_brand?post=18260"},{"taxonomy":"product_cat","embeddable":true,"href":"https:\/\/abcdomkrakow.pl\/sklep\/wp-json\/wp\/v2\/product_cat?post=18260"},{"taxonomy":"product_tag","embeddable":true,"href":"https:\/\/abcdomkrakow.pl\/sklep\/wp-json\/wp\/v2\/product_tag?post=18260"}],"curies":[{"name":"wp","href":"https:\/\/api.w.org\/{rel}","templated":true}]}}