{"id":17508,"date":"2022-10-10T18:05:29","date_gmt":"2022-10-10T16:05:29","guid":{"rendered":"https:\/\/abcdomkrakow.pl\/sklep\/produkt\/bez-kategorii\/swiss-krono-aurum-dab-hawk-ac5-8-d-4577\/"},"modified":"2024-07-04T19:06:23","modified_gmt":"2024-07-04T17:06:23","slug":"swiss-krono-aurum-dab-hawk-ac5-8-d-4577","status":"publish","type":"product","link":"https:\/\/abcdomkrakow.pl\/sklep\/produkt\/producent\/swiss-krono-aurum\/swiss-krono-aurum-dab-hawk-ac5-8-d-4577\/","title":{"rendered":"Swiss Krono Aurum D\u0105b Hawk AC5 8 D 4577"},"content":{"rendered":"","protected":false},"excerpt":{"rendered":"<p>D\u0105b Hawk AC5 8<\/p>\n","protected":false},"featured_media":16960,"template":"","meta":[],"product_brand":[],"product_cat":[487,779],"product_tag":[],"class_list":{"0":"post-17508","1":"product","2":"type-product","3":"status-publish","4":"has-post-thumbnail","6":"product_cat-panele-laminowane","7":"product_cat-swiss-krono-aurum","8":"pa_gatunek-drewna-dab","9":"pa_gwarancja-30-lat","10":"pa_ilosc-desek-opakowanie-418","11":"pa_klasa-scieralnosci-ac5","12":"pa_kolekcja-volo-aqua-zero-72h","13":"pa_kolor-naturalny","14":"pa_m2-opakowanie-2-109","15":"pa_metoda-montazu-bezklejowo-jako-podloga-plywajaca","16":"pa_ogrzewanie-podlogowe-tak","17":"pa_producent-swiss-krono-aurum","18":"pa_rodzaj-podlogi-panele-laminowane","19":"pa_struktura-synchroniczna-3d","20":"pa_technologia-wodoodporna-odporne-na-wode","21":"pa_v-fuga-v-fuga-4-stronna","22":"pa_wzor-deska","24":"first","25":"instock","26":"purchasable","27":"product-type-simple"},"yoast_head":"<!-- This site is optimized with the Yoast SEO plugin v24.4 - https:\/\/yoast.com\/wordpress\/plugins\/seo\/ -->\n<title>Swiss Krono Aurum D\u0105b Hawk AC5 8 D 4577 - AbcDom e-sklep z panelami podlogowymi<\/title>\n<meta name=\"robots\" content=\"index, follow, max-snippet:-1, max-image-preview:large, max-video-preview:-1\" \/>\n<link rel=\"canonical\" href=\"https:\/\/abcdomkrakow.pl\/sklep\/produkt\/producent\/swiss-krono-aurum\/swiss-krono-aurum-dab-hawk-ac5-8-d-4577\/\" \/>\n<meta property=\"og:locale\" content=\"pl_PL\" \/>\n<meta property=\"og:type\" content=\"article\" \/>\n<meta property=\"og:title\" content=\"Swiss Krono Aurum D\u0105b Hawk AC5 8 D 4577 - AbcDom e-sklep z panelami podlogowymi\" \/>\n<meta property=\"og:description\" content=\"D\u0105b Hawk AC5 8\" \/>\n<meta property=\"og:url\" content=\"https:\/\/abcdomkrakow.pl\/sklep\/produkt\/producent\/swiss-krono-aurum\/swiss-krono-aurum-dab-hawk-ac5-8-d-4577\/\" \/>\n<meta property=\"og:site_name\" content=\"AbcDom e-sklep z panelami podlogowymi\" \/>\n<meta property=\"article:modified_time\" content=\"2024-07-04T17:06:23+00:00\" \/>\n<meta property=\"og:image\" content=\"https:\/\/abcdomkrakow.pl\/sklep\/wp-content\/uploads\/2022\/10\/Panele-podlogowe-114.jpg\" \/>\n\t<meta property=\"og:image:width\" content=\"1024\" \/>\n\t<meta property=\"og:image:height\" content=\"1024\" \/>\n\t<meta property=\"og:image:type\" content=\"image\/jpeg\" \/>\n<meta name=\"twitter:card\" content=\"summary_large_image\" \/>\n<script type=\"application\/ld+json\" class=\"yoast-schema-graph\">{\"@context\":\"https:\/\/schema.org\",\"@graph\":[{\"@type\":\"WebPage\",\"@id\":\"https:\/\/abcdomkrakow.pl\/sklep\/produkt\/producent\/swiss-krono-aurum\/swiss-krono-aurum-dab-hawk-ac5-8-d-4577\/\",\"url\":\"https:\/\/abcdomkrakow.pl\/sklep\/produkt\/producent\/swiss-krono-aurum\/swiss-krono-aurum-dab-hawk-ac5-8-d-4577\/\",\"name\":\"Swiss Krono Aurum D\u0105b Hawk AC5 8 D 4577 - AbcDom e-sklep z panelami podlogowymi\",\"isPartOf\":{\"@id\":\"https:\/\/abcdomkrakow.pl\/sklep\/#website\"},\"primaryImageOfPage\":{\"@id\":\"https:\/\/abcdomkrakow.pl\/sklep\/produkt\/producent\/swiss-krono-aurum\/swiss-krono-aurum-dab-hawk-ac5-8-d-4577\/#primaryimage\"},\"image\":{\"@id\":\"https:\/\/abcdomkrakow.pl\/sklep\/produkt\/producent\/swiss-krono-aurum\/swiss-krono-aurum-dab-hawk-ac5-8-d-4577\/#primaryimage\"},\"thumbnailUrl\":\"https:\/\/abcdomkrakow.pl\/sklep\/wp-content\/uploads\/2022\/10\/Panele-podlogowe-114.jpg\",\"datePublished\":\"2022-10-10T16:05:29+00:00\",\"dateModified\":\"2024-07-04T17:06:23+00:00\",\"breadcrumb\":{\"@id\":\"https:\/\/abcdomkrakow.pl\/sklep\/produkt\/producent\/swiss-krono-aurum\/swiss-krono-aurum-dab-hawk-ac5-8-d-4577\/#breadcrumb\"},\"inLanguage\":\"pl-PL\",\"potentialAction\":[{\"@type\":\"ReadAction\",\"target\":[\"https:\/\/abcdomkrakow.pl\/sklep\/produkt\/producent\/swiss-krono-aurum\/swiss-krono-aurum-dab-hawk-ac5-8-d-4577\/\"]}]},{\"@type\":\"ImageObject\",\"inLanguage\":\"pl-PL\",\"@id\":\"https:\/\/abcdomkrakow.pl\/sklep\/produkt\/producent\/swiss-krono-aurum\/swiss-krono-aurum-dab-hawk-ac5-8-d-4577\/#primaryimage\",\"url\":\"https:\/\/abcdomkrakow.pl\/sklep\/wp-content\/uploads\/2022\/10\/Panele-podlogowe-114.jpg\",\"contentUrl\":\"https:\/\/abcdomkrakow.pl\/sklep\/wp-content\/uploads\/2022\/10\/Panele-podlogowe-114.jpg\",\"width\":1024,\"height\":1024},{\"@type\":\"BreadcrumbList\",\"@id\":\"https:\/\/abcdomkrakow.pl\/sklep\/produkt\/producent\/swiss-krono-aurum\/swiss-krono-aurum-dab-hawk-ac5-8-d-4577\/#breadcrumb\",\"itemListElement\":[{\"@type\":\"ListItem\",\"position\":1,\"name\":\"Strona g\u0142\u00f3wna\",\"item\":\"https:\/\/abcdomkrakow.pl\/sklep\/\"},{\"@type\":\"ListItem\",\"position\":2,\"name\":\"E-sklep ABCDom\",\"item\":\"https:\/\/abcdomkrakow.pl\/sklep\/strona-sklepu\/\"},{\"@type\":\"ListItem\",\"position\":3,\"name\":\"Swiss Krono Aurum D\u0105b Hawk AC5 8 D 4577\"}]},{\"@type\":\"WebSite\",\"@id\":\"https:\/\/abcdomkrakow.pl\/sklep\/#website\",\"url\":\"https:\/\/abcdomkrakow.pl\/sklep\/\",\"name\":\"AbcDom e-sklep z panelami podlogowymi\",\"description\":\"Oferujemy panele pod\u0142ogowe i parkiety. Panele winylowe i laminowane od producent\u00f3w Quickstep oraz Pergo. Szybka wycena, mo\u017cliwo\u015bc monta\u017cu i ciekawe promocje.\",\"publisher\":{\"@id\":\"https:\/\/abcdomkrakow.pl\/sklep\/#organization\"},\"potentialAction\":[{\"@type\":\"SearchAction\",\"target\":{\"@type\":\"EntryPoint\",\"urlTemplate\":\"https:\/\/abcdomkrakow.pl\/sklep\/?s={search_term_string}\"},\"query-input\":{\"@type\":\"PropertyValueSpecification\",\"valueRequired\":true,\"valueName\":\"search_term_string\"}}],\"inLanguage\":\"pl-PL\"},{\"@type\":\"Organization\",\"@id\":\"https:\/\/abcdomkrakow.pl\/sklep\/#organization\",\"name\":\"AbcDom Krak\u00f3w Sklep z Panelami Pod\u0142ogowymi\",\"url\":\"https:\/\/abcdomkrakow.pl\/sklep\/\",\"logo\":{\"@type\":\"ImageObject\",\"inLanguage\":\"pl-PL\",\"@id\":\"https:\/\/abcdomkrakow.pl\/sklep\/#\/schema\/logo\/image\/\",\"url\":\"https:\/\/abcdomkrakow.pl\/sklep\/wp-content\/uploads\/2020\/04\/logo-abcdom-krakow-drzwi-podlogi.png\",\"contentUrl\":\"https:\/\/abcdomkrakow.pl\/sklep\/wp-content\/uploads\/2020\/04\/logo-abcdom-krakow-drzwi-podlogi.png\",\"width\":230,\"height\":49,\"caption\":\"AbcDom Krak\u00f3w Sklep z Panelami Pod\u0142ogowymi\"},\"image\":{\"@id\":\"https:\/\/abcdomkrakow.pl\/sklep\/#\/schema\/logo\/image\/\"}}]}<\/script>\n<!-- \/ Yoast SEO plugin. -->","yoast_head_json":{"title":"Swiss Krono Aurum D\u0105b Hawk AC5 8 D 4577 - AbcDom e-sklep z panelami podlogowymi","robots":{"index":"index","follow":"follow","max-snippet":"max-snippet:-1","max-image-preview":"max-image-preview:large","max-video-preview":"max-video-preview:-1"},"canonical":"https:\/\/abcdomkrakow.pl\/sklep\/produkt\/producent\/swiss-krono-aurum\/swiss-krono-aurum-dab-hawk-ac5-8-d-4577\/","og_locale":"pl_PL","og_type":"article","og_title":"Swiss Krono Aurum D\u0105b Hawk AC5 8 D 4577 - AbcDom e-sklep z panelami podlogowymi","og_description":"D\u0105b Hawk AC5 8","og_url":"https:\/\/abcdomkrakow.pl\/sklep\/produkt\/producent\/swiss-krono-aurum\/swiss-krono-aurum-dab-hawk-ac5-8-d-4577\/","og_site_name":"AbcDom e-sklep z panelami podlogowymi","article_modified_time":"2024-07-04T17:06:23+00:00","og_image":[{"width":1024,"height":1024,"url":"https:\/\/abcdomkrakow.pl\/sklep\/wp-content\/uploads\/2022\/10\/Panele-podlogowe-114.jpg","type":"image\/jpeg"}],"twitter_card":"summary_large_image","schema":{"@context":"https:\/\/schema.org","@graph":[{"@type":"WebPage","@id":"https:\/\/abcdomkrakow.pl\/sklep\/produkt\/producent\/swiss-krono-aurum\/swiss-krono-aurum-dab-hawk-ac5-8-d-4577\/","url":"https:\/\/abcdomkrakow.pl\/sklep\/produkt\/producent\/swiss-krono-aurum\/swiss-krono-aurum-dab-hawk-ac5-8-d-4577\/","name":"Swiss Krono Aurum D\u0105b Hawk AC5 8 D 4577 - AbcDom e-sklep z panelami podlogowymi","isPartOf":{"@id":"https:\/\/abcdomkrakow.pl\/sklep\/#website"},"primaryImageOfPage":{"@id":"https:\/\/abcdomkrakow.pl\/sklep\/produkt\/producent\/swiss-krono-aurum\/swiss-krono-aurum-dab-hawk-ac5-8-d-4577\/#primaryimage"},"image":{"@id":"https:\/\/abcdomkrakow.pl\/sklep\/produkt\/producent\/swiss-krono-aurum\/swiss-krono-aurum-dab-hawk-ac5-8-d-4577\/#primaryimage"},"thumbnailUrl":"https:\/\/abcdomkrakow.pl\/sklep\/wp-content\/uploads\/2022\/10\/Panele-podlogowe-114.jpg","datePublished":"2022-10-10T16:05:29+00:00","dateModified":"2024-07-04T17:06:23+00:00","breadcrumb":{"@id":"https:\/\/abcdomkrakow.pl\/sklep\/produkt\/producent\/swiss-krono-aurum\/swiss-krono-aurum-dab-hawk-ac5-8-d-4577\/#breadcrumb"},"inLanguage":"pl-PL","potentialAction":[{"@type":"ReadAction","target":["https:\/\/abcdomkrakow.pl\/sklep\/produkt\/producent\/swiss-krono-aurum\/swiss-krono-aurum-dab-hawk-ac5-8-d-4577\/"]}]},{"@type":"ImageObject","inLanguage":"pl-PL","@id":"https:\/\/abcdomkrakow.pl\/sklep\/produkt\/producent\/swiss-krono-aurum\/swiss-krono-aurum-dab-hawk-ac5-8-d-4577\/#primaryimage","url":"https:\/\/abcdomkrakow.pl\/sklep\/wp-content\/uploads\/2022\/10\/Panele-podlogowe-114.jpg","contentUrl":"https:\/\/abcdomkrakow.pl\/sklep\/wp-content\/uploads\/2022\/10\/Panele-podlogowe-114.jpg","width":1024,"height":1024},{"@type":"BreadcrumbList","@id":"https:\/\/abcdomkrakow.pl\/sklep\/produkt\/producent\/swiss-krono-aurum\/swiss-krono-aurum-dab-hawk-ac5-8-d-4577\/#breadcrumb","itemListElement":[{"@type":"ListItem","position":1,"name":"Strona g\u0142\u00f3wna","item":"https:\/\/abcdomkrakow.pl\/sklep\/"},{"@type":"ListItem","position":2,"name":"E-sklep ABCDom","item":"https:\/\/abcdomkrakow.pl\/sklep\/strona-sklepu\/"},{"@type":"ListItem","position":3,"name":"Swiss Krono Aurum D\u0105b Hawk AC5 8 D 4577"}]},{"@type":"WebSite","@id":"https:\/\/abcdomkrakow.pl\/sklep\/#website","url":"https:\/\/abcdomkrakow.pl\/sklep\/","name":"AbcDom e-sklep z panelami podlogowymi","description":"Oferujemy panele pod\u0142ogowe i parkiety. Panele winylowe i laminowane od producent\u00f3w Quickstep oraz Pergo. Szybka wycena, mo\u017cliwo\u015bc monta\u017cu i ciekawe promocje.","publisher":{"@id":"https:\/\/abcdomkrakow.pl\/sklep\/#organization"},"potentialAction":[{"@type":"SearchAction","target":{"@type":"EntryPoint","urlTemplate":"https:\/\/abcdomkrakow.pl\/sklep\/?s={search_term_string}"},"query-input":{"@type":"PropertyValueSpecification","valueRequired":true,"valueName":"search_term_string"}}],"inLanguage":"pl-PL"},{"@type":"Organization","@id":"https:\/\/abcdomkrakow.pl\/sklep\/#organization","name":"AbcDom Krak\u00f3w Sklep z Panelami Pod\u0142ogowymi","url":"https:\/\/abcdomkrakow.pl\/sklep\/","logo":{"@type":"ImageObject","inLanguage":"pl-PL","@id":"https:\/\/abcdomkrakow.pl\/sklep\/#\/schema\/logo\/image\/","url":"https:\/\/abcdomkrakow.pl\/sklep\/wp-content\/uploads\/2020\/04\/logo-abcdom-krakow-drzwi-podlogi.png","contentUrl":"https:\/\/abcdomkrakow.pl\/sklep\/wp-content\/uploads\/2020\/04\/logo-abcdom-krakow-drzwi-podlogi.png","width":230,"height":49,"caption":"AbcDom Krak\u00f3w Sklep z Panelami Pod\u0142ogowymi"},"image":{"@id":"https:\/\/abcdomkrakow.pl\/sklep\/#\/schema\/logo\/image\/"}}]}},"_links":{"self":[{"href":"https:\/\/abcdomkrakow.pl\/sklep\/wp-json\/wp\/v2\/product\/17508","targetHints":{"allow":["GET"]}}],"collection":[{"href":"https:\/\/abcdomkrakow.pl\/sklep\/wp-json\/wp\/v2\/product"}],"about":[{"href":"https:\/\/abcdomkrakow.pl\/sklep\/wp-json\/wp\/v2\/types\/product"}],"wp:featuredmedia":[{"embeddable":true,"href":"https:\/\/abcdomkrakow.pl\/sklep\/wp-json\/wp\/v2\/media\/16960"}],"wp:attachment":[{"href":"https:\/\/abcdomkrakow.pl\/sklep\/wp-json\/wp\/v2\/media?parent=17508"}],"wp:term":[{"taxonomy":"product_brand","embeddable":true,"href":"https:\/\/abcdomkrakow.pl\/sklep\/wp-json\/wp\/v2\/product_brand?post=17508"},{"taxonomy":"product_cat","embeddable":true,"href":"https:\/\/abcdomkrakow.pl\/sklep\/wp-json\/wp\/v2\/product_cat?post=17508"},{"taxonomy":"product_tag","embeddable":true,"href":"https:\/\/abcdomkrakow.pl\/sklep\/wp-json\/wp\/v2\/product_tag?post=17508"}],"curies":[{"name":"wp","href":"https:\/\/api.w.org\/{rel}","templated":true}]}}