{"id":13490,"date":"2024-07-10T21:55:22","date_gmt":"2024-07-10T19:55:22","guid":{"rendered":"https:\/\/abcdomkrakow.pl\/sklep\/produkt\/quick-step-dab-pustynny-naturalny-cieply-mj3551\/"},"modified":"2024-07-10T21:55:29","modified_gmt":"2024-07-10T19:55:29","slug":"quick-step-dab-pustynny-naturalny-cieply-mj3551","status":"publish","type":"product","link":"https:\/\/abcdomkrakow.pl\/sklep\/produkt\/producent\/quickstep\/quick-step-dab-pustynny-naturalny-cieply-mj3551\/","title":{"rendered":"Quick-step D\u0105b pustynny naturalny ciep\u0142y MJ3551"},"content":{"rendered":"","protected":false},"excerpt":{"rendered":"<p>D\u0105b pustynny naturalny ciep\u0142y<\/p>\n","protected":false},"featured_media":9356,"template":"","meta":[],"product_brand":[],"product_cat":[487,508,615],"product_tag":[],"class_list":{"0":"post-13490","1":"product","2":"type-product","3":"status-publish","4":"has-post-thumbnail","6":"product_cat-panele-laminowane","7":"product_cat-producent","8":"product_cat-quickstep","9":"pa_gatunek-drewna-drewno","10":"pa_gwarancja-5-lat","11":"pa_ilosc-desek-opakowanie-444","12":"pa_kolekcja-majestic","13":"pa_kolor-naturalny","14":"pa_liczba-rowkow-4-rowki","15":"pa_m2-opakowanie-2-952","16":"pa_metoda-montazu-na-klik","17":"pa_ogrzewanie-podlogowe-nadaje-sie-do-stosowania-z-ogrzewaniem-podlogowym","18":"pa_producent-quickstep","19":"pa_rodzaj-podlogi-panele-laminowane","20":"pa_rodzaje-rowkow-faza-genuine","21":"pa_stopien-polysku-silk-mattsemimattgroup","22":"pa_system-klikniec-uniclic","23":"pa_technologia-wodoodporna-hydroseal","24":"pa_wzor-1-lamela","26":"first","27":"instock","28":"purchasable","29":"product-type-simple"},"yoast_head":"<!-- This site is optimized with the Yoast SEO plugin v24.4 - https:\/\/yoast.com\/wordpress\/plugins\/seo\/ -->\n<title>Quick-step D\u0105b pustynny naturalny ciep\u0142y MJ3551 - AbcDom e-sklep z panelami podlogowymi<\/title>\n<meta name=\"robots\" content=\"index, follow, max-snippet:-1, max-image-preview:large, max-video-preview:-1\" \/>\n<link rel=\"canonical\" href=\"https:\/\/abcdomkrakow.pl\/sklep\/produkt\/producent\/quickstep\/quick-step-dab-pustynny-naturalny-cieply-mj3551\/\" \/>\n<meta property=\"og:locale\" content=\"pl_PL\" \/>\n<meta property=\"og:type\" content=\"article\" \/>\n<meta property=\"og:title\" content=\"Quick-step D\u0105b pustynny naturalny ciep\u0142y MJ3551 - AbcDom e-sklep z panelami podlogowymi\" \/>\n<meta property=\"og:description\" content=\"D\u0105b pustynny naturalny ciep\u0142y\" \/>\n<meta property=\"og:url\" content=\"https:\/\/abcdomkrakow.pl\/sklep\/produkt\/producent\/quickstep\/quick-step-dab-pustynny-naturalny-cieply-mj3551\/\" \/>\n<meta property=\"og:site_name\" content=\"AbcDom e-sklep z panelami podlogowymi\" \/>\n<meta property=\"article:modified_time\" content=\"2024-07-10T19:55:29+00:00\" \/>\n<meta property=\"og:image\" content=\"https:\/\/abcdomkrakow.pl\/sklep\/wp-content\/uploads\/2020\/10\/mj3551interior02jpg3683.jpeg\" \/>\n\t<meta property=\"og:image:width\" content=\"965\" \/>\n\t<meta property=\"og:image:height\" content=\"1279\" \/>\n\t<meta property=\"og:image:type\" content=\"image\/jpeg\" \/>\n<meta name=\"twitter:card\" content=\"summary_large_image\" \/>\n<script type=\"application\/ld+json\" class=\"yoast-schema-graph\">{\"@context\":\"https:\/\/schema.org\",\"@graph\":[{\"@type\":\"WebPage\",\"@id\":\"https:\/\/abcdomkrakow.pl\/sklep\/produkt\/producent\/quickstep\/quick-step-dab-pustynny-naturalny-cieply-mj3551\/\",\"url\":\"https:\/\/abcdomkrakow.pl\/sklep\/produkt\/producent\/quickstep\/quick-step-dab-pustynny-naturalny-cieply-mj3551\/\",\"name\":\"Quick-step D\u0105b pustynny naturalny ciep\u0142y MJ3551 - AbcDom e-sklep z panelami podlogowymi\",\"isPartOf\":{\"@id\":\"https:\/\/abcdomkrakow.pl\/sklep\/#website\"},\"primaryImageOfPage\":{\"@id\":\"https:\/\/abcdomkrakow.pl\/sklep\/produkt\/producent\/quickstep\/quick-step-dab-pustynny-naturalny-cieply-mj3551\/#primaryimage\"},\"image\":{\"@id\":\"https:\/\/abcdomkrakow.pl\/sklep\/produkt\/producent\/quickstep\/quick-step-dab-pustynny-naturalny-cieply-mj3551\/#primaryimage\"},\"thumbnailUrl\":\"https:\/\/abcdomkrakow.pl\/sklep\/wp-content\/uploads\/2020\/10\/mj3551interior02jpg3683.jpeg\",\"datePublished\":\"2024-07-10T19:55:22+00:00\",\"dateModified\":\"2024-07-10T19:55:29+00:00\",\"breadcrumb\":{\"@id\":\"https:\/\/abcdomkrakow.pl\/sklep\/produkt\/producent\/quickstep\/quick-step-dab-pustynny-naturalny-cieply-mj3551\/#breadcrumb\"},\"inLanguage\":\"pl-PL\",\"potentialAction\":[{\"@type\":\"ReadAction\",\"target\":[\"https:\/\/abcdomkrakow.pl\/sklep\/produkt\/producent\/quickstep\/quick-step-dab-pustynny-naturalny-cieply-mj3551\/\"]}]},{\"@type\":\"ImageObject\",\"inLanguage\":\"pl-PL\",\"@id\":\"https:\/\/abcdomkrakow.pl\/sklep\/produkt\/producent\/quickstep\/quick-step-dab-pustynny-naturalny-cieply-mj3551\/#primaryimage\",\"url\":\"https:\/\/abcdomkrakow.pl\/sklep\/wp-content\/uploads\/2020\/10\/mj3551interior02jpg3683.jpeg\",\"contentUrl\":\"https:\/\/abcdomkrakow.pl\/sklep\/wp-content\/uploads\/2020\/10\/mj3551interior02jpg3683.jpeg\",\"width\":965,\"height\":1279},{\"@type\":\"BreadcrumbList\",\"@id\":\"https:\/\/abcdomkrakow.pl\/sklep\/produkt\/producent\/quickstep\/quick-step-dab-pustynny-naturalny-cieply-mj3551\/#breadcrumb\",\"itemListElement\":[{\"@type\":\"ListItem\",\"position\":1,\"name\":\"Strona g\u0142\u00f3wna\",\"item\":\"https:\/\/abcdomkrakow.pl\/sklep\/\"},{\"@type\":\"ListItem\",\"position\":2,\"name\":\"E-sklep ABCDom\",\"item\":\"https:\/\/abcdomkrakow.pl\/sklep\/strona-sklepu\/\"},{\"@type\":\"ListItem\",\"position\":3,\"name\":\"Quick-step D\u0105b pustynny naturalny ciep\u0142y MJ3551\"}]},{\"@type\":\"WebSite\",\"@id\":\"https:\/\/abcdomkrakow.pl\/sklep\/#website\",\"url\":\"https:\/\/abcdomkrakow.pl\/sklep\/\",\"name\":\"AbcDom e-sklep z panelami podlogowymi\",\"description\":\"Oferujemy panele pod\u0142ogowe i parkiety. Panele winylowe i laminowane od producent\u00f3w Quickstep oraz Pergo. Szybka wycena, mo\u017cliwo\u015bc monta\u017cu i ciekawe promocje.\",\"publisher\":{\"@id\":\"https:\/\/abcdomkrakow.pl\/sklep\/#organization\"},\"potentialAction\":[{\"@type\":\"SearchAction\",\"target\":{\"@type\":\"EntryPoint\",\"urlTemplate\":\"https:\/\/abcdomkrakow.pl\/sklep\/?s={search_term_string}\"},\"query-input\":{\"@type\":\"PropertyValueSpecification\",\"valueRequired\":true,\"valueName\":\"search_term_string\"}}],\"inLanguage\":\"pl-PL\"},{\"@type\":\"Organization\",\"@id\":\"https:\/\/abcdomkrakow.pl\/sklep\/#organization\",\"name\":\"AbcDom Krak\u00f3w Sklep z Panelami Pod\u0142ogowymi\",\"url\":\"https:\/\/abcdomkrakow.pl\/sklep\/\",\"logo\":{\"@type\":\"ImageObject\",\"inLanguage\":\"pl-PL\",\"@id\":\"https:\/\/abcdomkrakow.pl\/sklep\/#\/schema\/logo\/image\/\",\"url\":\"https:\/\/abcdomkrakow.pl\/sklep\/wp-content\/uploads\/2020\/04\/logo-abcdom-krakow-drzwi-podlogi.png\",\"contentUrl\":\"https:\/\/abcdomkrakow.pl\/sklep\/wp-content\/uploads\/2020\/04\/logo-abcdom-krakow-drzwi-podlogi.png\",\"width\":230,\"height\":49,\"caption\":\"AbcDom Krak\u00f3w Sklep z Panelami Pod\u0142ogowymi\"},\"image\":{\"@id\":\"https:\/\/abcdomkrakow.pl\/sklep\/#\/schema\/logo\/image\/\"}}]}<\/script>\n<!-- \/ Yoast SEO plugin. -->","yoast_head_json":{"title":"Quick-step D\u0105b pustynny naturalny ciep\u0142y MJ3551 - AbcDom e-sklep z panelami podlogowymi","robots":{"index":"index","follow":"follow","max-snippet":"max-snippet:-1","max-image-preview":"max-image-preview:large","max-video-preview":"max-video-preview:-1"},"canonical":"https:\/\/abcdomkrakow.pl\/sklep\/produkt\/producent\/quickstep\/quick-step-dab-pustynny-naturalny-cieply-mj3551\/","og_locale":"pl_PL","og_type":"article","og_title":"Quick-step D\u0105b pustynny naturalny ciep\u0142y MJ3551 - AbcDom e-sklep z panelami podlogowymi","og_description":"D\u0105b pustynny naturalny ciep\u0142y","og_url":"https:\/\/abcdomkrakow.pl\/sklep\/produkt\/producent\/quickstep\/quick-step-dab-pustynny-naturalny-cieply-mj3551\/","og_site_name":"AbcDom e-sklep z panelami podlogowymi","article_modified_time":"2024-07-10T19:55:29+00:00","og_image":[{"width":965,"height":1279,"url":"https:\/\/abcdomkrakow.pl\/sklep\/wp-content\/uploads\/2020\/10\/mj3551interior02jpg3683.jpeg","type":"image\/jpeg"}],"twitter_card":"summary_large_image","schema":{"@context":"https:\/\/schema.org","@graph":[{"@type":"WebPage","@id":"https:\/\/abcdomkrakow.pl\/sklep\/produkt\/producent\/quickstep\/quick-step-dab-pustynny-naturalny-cieply-mj3551\/","url":"https:\/\/abcdomkrakow.pl\/sklep\/produkt\/producent\/quickstep\/quick-step-dab-pustynny-naturalny-cieply-mj3551\/","name":"Quick-step D\u0105b pustynny naturalny ciep\u0142y MJ3551 - AbcDom e-sklep z panelami podlogowymi","isPartOf":{"@id":"https:\/\/abcdomkrakow.pl\/sklep\/#website"},"primaryImageOfPage":{"@id":"https:\/\/abcdomkrakow.pl\/sklep\/produkt\/producent\/quickstep\/quick-step-dab-pustynny-naturalny-cieply-mj3551\/#primaryimage"},"image":{"@id":"https:\/\/abcdomkrakow.pl\/sklep\/produkt\/producent\/quickstep\/quick-step-dab-pustynny-naturalny-cieply-mj3551\/#primaryimage"},"thumbnailUrl":"https:\/\/abcdomkrakow.pl\/sklep\/wp-content\/uploads\/2020\/10\/mj3551interior02jpg3683.jpeg","datePublished":"2024-07-10T19:55:22+00:00","dateModified":"2024-07-10T19:55:29+00:00","breadcrumb":{"@id":"https:\/\/abcdomkrakow.pl\/sklep\/produkt\/producent\/quickstep\/quick-step-dab-pustynny-naturalny-cieply-mj3551\/#breadcrumb"},"inLanguage":"pl-PL","potentialAction":[{"@type":"ReadAction","target":["https:\/\/abcdomkrakow.pl\/sklep\/produkt\/producent\/quickstep\/quick-step-dab-pustynny-naturalny-cieply-mj3551\/"]}]},{"@type":"ImageObject","inLanguage":"pl-PL","@id":"https:\/\/abcdomkrakow.pl\/sklep\/produkt\/producent\/quickstep\/quick-step-dab-pustynny-naturalny-cieply-mj3551\/#primaryimage","url":"https:\/\/abcdomkrakow.pl\/sklep\/wp-content\/uploads\/2020\/10\/mj3551interior02jpg3683.jpeg","contentUrl":"https:\/\/abcdomkrakow.pl\/sklep\/wp-content\/uploads\/2020\/10\/mj3551interior02jpg3683.jpeg","width":965,"height":1279},{"@type":"BreadcrumbList","@id":"https:\/\/abcdomkrakow.pl\/sklep\/produkt\/producent\/quickstep\/quick-step-dab-pustynny-naturalny-cieply-mj3551\/#breadcrumb","itemListElement":[{"@type":"ListItem","position":1,"name":"Strona g\u0142\u00f3wna","item":"https:\/\/abcdomkrakow.pl\/sklep\/"},{"@type":"ListItem","position":2,"name":"E-sklep ABCDom","item":"https:\/\/abcdomkrakow.pl\/sklep\/strona-sklepu\/"},{"@type":"ListItem","position":3,"name":"Quick-step D\u0105b pustynny naturalny ciep\u0142y MJ3551"}]},{"@type":"WebSite","@id":"https:\/\/abcdomkrakow.pl\/sklep\/#website","url":"https:\/\/abcdomkrakow.pl\/sklep\/","name":"AbcDom e-sklep z panelami podlogowymi","description":"Oferujemy panele pod\u0142ogowe i parkiety. Panele winylowe i laminowane od producent\u00f3w Quickstep oraz Pergo. Szybka wycena, mo\u017cliwo\u015bc monta\u017cu i ciekawe promocje.","publisher":{"@id":"https:\/\/abcdomkrakow.pl\/sklep\/#organization"},"potentialAction":[{"@type":"SearchAction","target":{"@type":"EntryPoint","urlTemplate":"https:\/\/abcdomkrakow.pl\/sklep\/?s={search_term_string}"},"query-input":{"@type":"PropertyValueSpecification","valueRequired":true,"valueName":"search_term_string"}}],"inLanguage":"pl-PL"},{"@type":"Organization","@id":"https:\/\/abcdomkrakow.pl\/sklep\/#organization","name":"AbcDom Krak\u00f3w Sklep z Panelami Pod\u0142ogowymi","url":"https:\/\/abcdomkrakow.pl\/sklep\/","logo":{"@type":"ImageObject","inLanguage":"pl-PL","@id":"https:\/\/abcdomkrakow.pl\/sklep\/#\/schema\/logo\/image\/","url":"https:\/\/abcdomkrakow.pl\/sklep\/wp-content\/uploads\/2020\/04\/logo-abcdom-krakow-drzwi-podlogi.png","contentUrl":"https:\/\/abcdomkrakow.pl\/sklep\/wp-content\/uploads\/2020\/04\/logo-abcdom-krakow-drzwi-podlogi.png","width":230,"height":49,"caption":"AbcDom Krak\u00f3w Sklep z Panelami Pod\u0142ogowymi"},"image":{"@id":"https:\/\/abcdomkrakow.pl\/sklep\/#\/schema\/logo\/image\/"}}]}},"_links":{"self":[{"href":"https:\/\/abcdomkrakow.pl\/sklep\/wp-json\/wp\/v2\/product\/13490","targetHints":{"allow":["GET"]}}],"collection":[{"href":"https:\/\/abcdomkrakow.pl\/sklep\/wp-json\/wp\/v2\/product"}],"about":[{"href":"https:\/\/abcdomkrakow.pl\/sklep\/wp-json\/wp\/v2\/types\/product"}],"wp:featuredmedia":[{"embeddable":true,"href":"https:\/\/abcdomkrakow.pl\/sklep\/wp-json\/wp\/v2\/media\/9356"}],"wp:attachment":[{"href":"https:\/\/abcdomkrakow.pl\/sklep\/wp-json\/wp\/v2\/media?parent=13490"}],"wp:term":[{"taxonomy":"product_brand","embeddable":true,"href":"https:\/\/abcdomkrakow.pl\/sklep\/wp-json\/wp\/v2\/product_brand?post=13490"},{"taxonomy":"product_cat","embeddable":true,"href":"https:\/\/abcdomkrakow.pl\/sklep\/wp-json\/wp\/v2\/product_cat?post=13490"},{"taxonomy":"product_tag","embeddable":true,"href":"https:\/\/abcdomkrakow.pl\/sklep\/wp-json\/wp\/v2\/product_tag?post=13490"}],"curies":[{"name":"wp","href":"https:\/\/api.w.org\/{rel}","templated":true}]}}