{"id":13085,"date":"2022-09-15T17:03:08","date_gmt":"2022-09-15T15:03:08","guid":{"rendered":"https:\/\/abcdomkrakow.pl\/sklep\/produkt\/quick-step-minimalistyczny-jasno-szary-amcl40139\/"},"modified":"2023-01-04T16:54:16","modified_gmt":"2023-01-04T15:54:16","slug":"quick-step-minimalistyczny-jasno-szary-amcl40139","status":"publish","type":"product","link":"https:\/\/abcdomkrakow.pl\/sklep\/produkt\/producent\/quickstep\/quick-step-minimalistyczny-jasno-szary-amcl40139\/","title":{"rendered":"Quick-step Minimalistyczny jasno szary AMCL40139"},"content":{"rendered":"","protected":false},"excerpt":{"rendered":"<p>Minimalistyczny jasno szary<\/p>\n","protected":false},"featured_media":13086,"template":"","meta":[],"product_brand":[],"product_cat":[484,615],"product_tag":[],"class_list":{"0":"post-13085","1":"product","2":"type-product","3":"status-publish","4":"has-post-thumbnail","6":"product_cat-panele-winylowe","7":"product_cat-quickstep","8":"pa_gatunek-drewna-beton","9":"pa_gwarancja-25-lat","10":"pa_ilosc-desek-opakowanie-5-0","11":"pa_kolekcja-ambient-click","12":"pa_kolor-jasnoszary","13":"pa_liczba-rowkow-4-rowki","14":"pa_m2-opakowanie-2-08","15":"pa_metoda-montazu-na-klik","16":"pa_ogrzewanie-podlogowe-nadaje-sie-do-stosowania-z-ogrzewaniem-podlogowym","17":"pa_producent-quickstep","18":"pa_rodzaj-podlogi-panele-winylowe","19":"pa_rodzaje-rowkow-nanofaza","20":"pa_stopien-polysku-mattmattgroup","21":"pa_system-klikniec-uniclic-multifit","22":"pa_technologia-wodoodporna-water-resistant","23":"pa_wzor-plytka","25":"first","26":"instock","27":"purchasable","28":"product-type-simple"},"yoast_head":"<!-- This site is optimized with the Yoast SEO plugin v24.4 - https:\/\/yoast.com\/wordpress\/plugins\/seo\/ -->\n<title>Quick-step Minimalistyczny jasno szary AMCL40139 - AbcDom e-sklep z panelami podlogowymi<\/title>\n<meta name=\"robots\" content=\"index, follow, max-snippet:-1, max-image-preview:large, max-video-preview:-1\" \/>\n<link rel=\"canonical\" href=\"https:\/\/abcdomkrakow.pl\/sklep\/produkt\/producent\/quickstep\/quick-step-minimalistyczny-jasno-szary-amcl40139\/\" \/>\n<meta property=\"og:locale\" content=\"pl_PL\" \/>\n<meta property=\"og:type\" content=\"article\" \/>\n<meta property=\"og:title\" content=\"Quick-step Minimalistyczny jasno szary AMCL40139 - AbcDom e-sklep z panelami podlogowymi\" \/>\n<meta property=\"og:description\" content=\"Minimalistyczny jasno szary\" \/>\n<meta property=\"og:url\" content=\"https:\/\/abcdomkrakow.pl\/sklep\/produkt\/producent\/quickstep\/quick-step-minimalistyczny-jasno-szary-amcl40139\/\" \/>\n<meta property=\"og:site_name\" content=\"AbcDom e-sklep z panelami podlogowymi\" \/>\n<meta property=\"article:modified_time\" content=\"2023-01-04T15:54:16+00:00\" \/>\n<meta property=\"og:image\" content=\"https:\/\/abcdomkrakow.pl\/sklep\/wp-content\/uploads\/2021\/04\/amcl40139interior04jpg138923.jpeg\" \/>\n\t<meta property=\"og:image:width\" content=\"853\" \/>\n\t<meta property=\"og:image:height\" content=\"1280\" \/>\n\t<meta property=\"og:image:type\" content=\"image\/jpeg\" \/>\n<meta name=\"twitter:card\" content=\"summary_large_image\" \/>\n<script type=\"application\/ld+json\" class=\"yoast-schema-graph\">{\"@context\":\"https:\/\/schema.org\",\"@graph\":[{\"@type\":\"WebPage\",\"@id\":\"https:\/\/abcdomkrakow.pl\/sklep\/produkt\/producent\/quickstep\/quick-step-minimalistyczny-jasno-szary-amcl40139\/\",\"url\":\"https:\/\/abcdomkrakow.pl\/sklep\/produkt\/producent\/quickstep\/quick-step-minimalistyczny-jasno-szary-amcl40139\/\",\"name\":\"Quick-step Minimalistyczny jasno szary AMCL40139 - AbcDom e-sklep z panelami podlogowymi\",\"isPartOf\":{\"@id\":\"https:\/\/abcdomkrakow.pl\/sklep\/#website\"},\"primaryImageOfPage\":{\"@id\":\"https:\/\/abcdomkrakow.pl\/sklep\/produkt\/producent\/quickstep\/quick-step-minimalistyczny-jasno-szary-amcl40139\/#primaryimage\"},\"image\":{\"@id\":\"https:\/\/abcdomkrakow.pl\/sklep\/produkt\/producent\/quickstep\/quick-step-minimalistyczny-jasno-szary-amcl40139\/#primaryimage\"},\"thumbnailUrl\":\"https:\/\/abcdomkrakow.pl\/sklep\/wp-content\/uploads\/2021\/04\/amcl40139interior04jpg138923.jpeg\",\"datePublished\":\"2022-09-15T15:03:08+00:00\",\"dateModified\":\"2023-01-04T15:54:16+00:00\",\"breadcrumb\":{\"@id\":\"https:\/\/abcdomkrakow.pl\/sklep\/produkt\/producent\/quickstep\/quick-step-minimalistyczny-jasno-szary-amcl40139\/#breadcrumb\"},\"inLanguage\":\"pl-PL\",\"potentialAction\":[{\"@type\":\"ReadAction\",\"target\":[\"https:\/\/abcdomkrakow.pl\/sklep\/produkt\/producent\/quickstep\/quick-step-minimalistyczny-jasno-szary-amcl40139\/\"]}]},{\"@type\":\"ImageObject\",\"inLanguage\":\"pl-PL\",\"@id\":\"https:\/\/abcdomkrakow.pl\/sklep\/produkt\/producent\/quickstep\/quick-step-minimalistyczny-jasno-szary-amcl40139\/#primaryimage\",\"url\":\"https:\/\/abcdomkrakow.pl\/sklep\/wp-content\/uploads\/2021\/04\/amcl40139interior04jpg138923.jpeg\",\"contentUrl\":\"https:\/\/abcdomkrakow.pl\/sklep\/wp-content\/uploads\/2021\/04\/amcl40139interior04jpg138923.jpeg\",\"width\":853,\"height\":1280},{\"@type\":\"BreadcrumbList\",\"@id\":\"https:\/\/abcdomkrakow.pl\/sklep\/produkt\/producent\/quickstep\/quick-step-minimalistyczny-jasno-szary-amcl40139\/#breadcrumb\",\"itemListElement\":[{\"@type\":\"ListItem\",\"position\":1,\"name\":\"Strona g\u0142\u00f3wna\",\"item\":\"https:\/\/abcdomkrakow.pl\/sklep\/\"},{\"@type\":\"ListItem\",\"position\":2,\"name\":\"E-sklep ABCDom\",\"item\":\"https:\/\/abcdomkrakow.pl\/sklep\/strona-sklepu\/\"},{\"@type\":\"ListItem\",\"position\":3,\"name\":\"Quick-step Minimalistyczny jasno szary AMCL40139\"}]},{\"@type\":\"WebSite\",\"@id\":\"https:\/\/abcdomkrakow.pl\/sklep\/#website\",\"url\":\"https:\/\/abcdomkrakow.pl\/sklep\/\",\"name\":\"AbcDom e-sklep z panelami podlogowymi\",\"description\":\"Oferujemy panele pod\u0142ogowe i parkiety. Panele winylowe i laminowane od producent\u00f3w Quickstep oraz Pergo. Szybka wycena, mo\u017cliwo\u015bc monta\u017cu i ciekawe promocje.\",\"publisher\":{\"@id\":\"https:\/\/abcdomkrakow.pl\/sklep\/#organization\"},\"potentialAction\":[{\"@type\":\"SearchAction\",\"target\":{\"@type\":\"EntryPoint\",\"urlTemplate\":\"https:\/\/abcdomkrakow.pl\/sklep\/?s={search_term_string}\"},\"query-input\":{\"@type\":\"PropertyValueSpecification\",\"valueRequired\":true,\"valueName\":\"search_term_string\"}}],\"inLanguage\":\"pl-PL\"},{\"@type\":\"Organization\",\"@id\":\"https:\/\/abcdomkrakow.pl\/sklep\/#organization\",\"name\":\"AbcDom Krak\u00f3w Sklep z Panelami Pod\u0142ogowymi\",\"url\":\"https:\/\/abcdomkrakow.pl\/sklep\/\",\"logo\":{\"@type\":\"ImageObject\",\"inLanguage\":\"pl-PL\",\"@id\":\"https:\/\/abcdomkrakow.pl\/sklep\/#\/schema\/logo\/image\/\",\"url\":\"https:\/\/abcdomkrakow.pl\/sklep\/wp-content\/uploads\/2020\/04\/logo-abcdom-krakow-drzwi-podlogi.png\",\"contentUrl\":\"https:\/\/abcdomkrakow.pl\/sklep\/wp-content\/uploads\/2020\/04\/logo-abcdom-krakow-drzwi-podlogi.png\",\"width\":230,\"height\":49,\"caption\":\"AbcDom Krak\u00f3w Sklep z Panelami Pod\u0142ogowymi\"},\"image\":{\"@id\":\"https:\/\/abcdomkrakow.pl\/sklep\/#\/schema\/logo\/image\/\"}}]}<\/script>\n<!-- \/ Yoast SEO plugin. -->","yoast_head_json":{"title":"Quick-step Minimalistyczny jasno szary AMCL40139 - AbcDom e-sklep z panelami podlogowymi","robots":{"index":"index","follow":"follow","max-snippet":"max-snippet:-1","max-image-preview":"max-image-preview:large","max-video-preview":"max-video-preview:-1"},"canonical":"https:\/\/abcdomkrakow.pl\/sklep\/produkt\/producent\/quickstep\/quick-step-minimalistyczny-jasno-szary-amcl40139\/","og_locale":"pl_PL","og_type":"article","og_title":"Quick-step Minimalistyczny jasno szary AMCL40139 - AbcDom e-sklep z panelami podlogowymi","og_description":"Minimalistyczny jasno szary","og_url":"https:\/\/abcdomkrakow.pl\/sklep\/produkt\/producent\/quickstep\/quick-step-minimalistyczny-jasno-szary-amcl40139\/","og_site_name":"AbcDom e-sklep z panelami podlogowymi","article_modified_time":"2023-01-04T15:54:16+00:00","og_image":[{"width":853,"height":1280,"url":"https:\/\/abcdomkrakow.pl\/sklep\/wp-content\/uploads\/2021\/04\/amcl40139interior04jpg138923.jpeg","type":"image\/jpeg"}],"twitter_card":"summary_large_image","schema":{"@context":"https:\/\/schema.org","@graph":[{"@type":"WebPage","@id":"https:\/\/abcdomkrakow.pl\/sklep\/produkt\/producent\/quickstep\/quick-step-minimalistyczny-jasno-szary-amcl40139\/","url":"https:\/\/abcdomkrakow.pl\/sklep\/produkt\/producent\/quickstep\/quick-step-minimalistyczny-jasno-szary-amcl40139\/","name":"Quick-step Minimalistyczny jasno szary AMCL40139 - AbcDom e-sklep z panelami podlogowymi","isPartOf":{"@id":"https:\/\/abcdomkrakow.pl\/sklep\/#website"},"primaryImageOfPage":{"@id":"https:\/\/abcdomkrakow.pl\/sklep\/produkt\/producent\/quickstep\/quick-step-minimalistyczny-jasno-szary-amcl40139\/#primaryimage"},"image":{"@id":"https:\/\/abcdomkrakow.pl\/sklep\/produkt\/producent\/quickstep\/quick-step-minimalistyczny-jasno-szary-amcl40139\/#primaryimage"},"thumbnailUrl":"https:\/\/abcdomkrakow.pl\/sklep\/wp-content\/uploads\/2021\/04\/amcl40139interior04jpg138923.jpeg","datePublished":"2022-09-15T15:03:08+00:00","dateModified":"2023-01-04T15:54:16+00:00","breadcrumb":{"@id":"https:\/\/abcdomkrakow.pl\/sklep\/produkt\/producent\/quickstep\/quick-step-minimalistyczny-jasno-szary-amcl40139\/#breadcrumb"},"inLanguage":"pl-PL","potentialAction":[{"@type":"ReadAction","target":["https:\/\/abcdomkrakow.pl\/sklep\/produkt\/producent\/quickstep\/quick-step-minimalistyczny-jasno-szary-amcl40139\/"]}]},{"@type":"ImageObject","inLanguage":"pl-PL","@id":"https:\/\/abcdomkrakow.pl\/sklep\/produkt\/producent\/quickstep\/quick-step-minimalistyczny-jasno-szary-amcl40139\/#primaryimage","url":"https:\/\/abcdomkrakow.pl\/sklep\/wp-content\/uploads\/2021\/04\/amcl40139interior04jpg138923.jpeg","contentUrl":"https:\/\/abcdomkrakow.pl\/sklep\/wp-content\/uploads\/2021\/04\/amcl40139interior04jpg138923.jpeg","width":853,"height":1280},{"@type":"BreadcrumbList","@id":"https:\/\/abcdomkrakow.pl\/sklep\/produkt\/producent\/quickstep\/quick-step-minimalistyczny-jasno-szary-amcl40139\/#breadcrumb","itemListElement":[{"@type":"ListItem","position":1,"name":"Strona g\u0142\u00f3wna","item":"https:\/\/abcdomkrakow.pl\/sklep\/"},{"@type":"ListItem","position":2,"name":"E-sklep ABCDom","item":"https:\/\/abcdomkrakow.pl\/sklep\/strona-sklepu\/"},{"@type":"ListItem","position":3,"name":"Quick-step Minimalistyczny jasno szary AMCL40139"}]},{"@type":"WebSite","@id":"https:\/\/abcdomkrakow.pl\/sklep\/#website","url":"https:\/\/abcdomkrakow.pl\/sklep\/","name":"AbcDom e-sklep z panelami podlogowymi","description":"Oferujemy panele pod\u0142ogowe i parkiety. Panele winylowe i laminowane od producent\u00f3w Quickstep oraz Pergo. Szybka wycena, mo\u017cliwo\u015bc monta\u017cu i ciekawe promocje.","publisher":{"@id":"https:\/\/abcdomkrakow.pl\/sklep\/#organization"},"potentialAction":[{"@type":"SearchAction","target":{"@type":"EntryPoint","urlTemplate":"https:\/\/abcdomkrakow.pl\/sklep\/?s={search_term_string}"},"query-input":{"@type":"PropertyValueSpecification","valueRequired":true,"valueName":"search_term_string"}}],"inLanguage":"pl-PL"},{"@type":"Organization","@id":"https:\/\/abcdomkrakow.pl\/sklep\/#organization","name":"AbcDom Krak\u00f3w Sklep z Panelami Pod\u0142ogowymi","url":"https:\/\/abcdomkrakow.pl\/sklep\/","logo":{"@type":"ImageObject","inLanguage":"pl-PL","@id":"https:\/\/abcdomkrakow.pl\/sklep\/#\/schema\/logo\/image\/","url":"https:\/\/abcdomkrakow.pl\/sklep\/wp-content\/uploads\/2020\/04\/logo-abcdom-krakow-drzwi-podlogi.png","contentUrl":"https:\/\/abcdomkrakow.pl\/sklep\/wp-content\/uploads\/2020\/04\/logo-abcdom-krakow-drzwi-podlogi.png","width":230,"height":49,"caption":"AbcDom Krak\u00f3w Sklep z Panelami Pod\u0142ogowymi"},"image":{"@id":"https:\/\/abcdomkrakow.pl\/sklep\/#\/schema\/logo\/image\/"}}]}},"_links":{"self":[{"href":"https:\/\/abcdomkrakow.pl\/sklep\/wp-json\/wp\/v2\/product\/13085","targetHints":{"allow":["GET"]}}],"collection":[{"href":"https:\/\/abcdomkrakow.pl\/sklep\/wp-json\/wp\/v2\/product"}],"about":[{"href":"https:\/\/abcdomkrakow.pl\/sklep\/wp-json\/wp\/v2\/types\/product"}],"wp:featuredmedia":[{"embeddable":true,"href":"https:\/\/abcdomkrakow.pl\/sklep\/wp-json\/wp\/v2\/media\/13086"}],"wp:attachment":[{"href":"https:\/\/abcdomkrakow.pl\/sklep\/wp-json\/wp\/v2\/media?parent=13085"}],"wp:term":[{"taxonomy":"product_brand","embeddable":true,"href":"https:\/\/abcdomkrakow.pl\/sklep\/wp-json\/wp\/v2\/product_brand?post=13085"},{"taxonomy":"product_cat","embeddable":true,"href":"https:\/\/abcdomkrakow.pl\/sklep\/wp-json\/wp\/v2\/product_cat?post=13085"},{"taxonomy":"product_tag","embeddable":true,"href":"https:\/\/abcdomkrakow.pl\/sklep\/wp-json\/wp\/v2\/product_tag?post=13085"}],"curies":[{"name":"wp","href":"https:\/\/api.w.org\/{rel}","templated":true}]}}