{"id":3906,"date":"2017-01-24T14:15:25","date_gmt":"2017-01-24T14:15:25","guid":{"rendered":"http:\/\/ambient.elated-themes.com\/cart\/"},"modified":"2025-04-24T15:06:02","modified_gmt":"2025-04-24T13:06:02","slug":"koszyk","status":"publish","type":"page","link":"https:\/\/abcdomkrakow.pl\/sklep\/koszyk\/","title":{"rendered":"Koszyk"},"content":{"rendered":"\n","protected":false},"excerpt":{"rendered":"","protected":false},"author":1,"featured_media":0,"parent":0,"menu_order":0,"comment_status":"closed","ping_status":"closed","template":"","meta":{"footnotes":""},"class_list":["post-3906","page","type-page","status-publish","hentry"],"yoast_head":"<!-- This site is optimized with the Yoast SEO plugin v24.4 - https:\/\/yoast.com\/wordpress\/plugins\/seo\/ -->\n<title>Koszyk - AbcDom e-sklep z panelami podlogowymi<\/title>\n<meta name=\"robots\" content=\"noindex, follow\" \/>\n<meta property=\"og:locale\" content=\"pl_PL\" \/>\n<meta property=\"og:type\" content=\"article\" \/>\n<meta property=\"og:title\" content=\"Koszyk - AbcDom e-sklep z panelami podlogowymi\" \/>\n<meta property=\"og:url\" content=\"https:\/\/abcdomkrakow.pl\/sklep\/koszyk\/\" \/>\n<meta property=\"og:site_name\" content=\"AbcDom e-sklep z panelami podlogowymi\" \/>\n<meta property=\"article:modified_time\" content=\"2025-04-24T13:06:02+00:00\" \/>\n<meta name=\"twitter:card\" content=\"summary_large_image\" \/>\n<meta name=\"twitter:label1\" content=\"Szacowany czas czytania\" \/>\n\t<meta name=\"twitter:data1\" content=\"1 minuta\" \/>\n<script type=\"application\/ld+json\" class=\"yoast-schema-graph\">{\"@context\":\"https:\/\/schema.org\",\"@graph\":[{\"@type\":\"WebPage\",\"@id\":\"https:\/\/abcdomkrakow.pl\/sklep\/koszyk\/\",\"url\":\"https:\/\/abcdomkrakow.pl\/sklep\/koszyk\/\",\"name\":\"Koszyk - AbcDom e-sklep z panelami podlogowymi\",\"isPartOf\":{\"@id\":\"https:\/\/abcdomkrakow.pl\/sklep\/#website\"},\"datePublished\":\"2017-01-24T14:15:25+00:00\",\"dateModified\":\"2025-04-24T13:06:02+00:00\",\"breadcrumb\":{\"@id\":\"https:\/\/abcdomkrakow.pl\/sklep\/koszyk\/#breadcrumb\"},\"inLanguage\":\"pl-PL\",\"potentialAction\":[{\"@type\":\"ReadAction\",\"target\":[\"https:\/\/abcdomkrakow.pl\/sklep\/koszyk\/\"]}]},{\"@type\":\"BreadcrumbList\",\"@id\":\"https:\/\/abcdomkrakow.pl\/sklep\/koszyk\/#breadcrumb\",\"itemListElement\":[{\"@type\":\"ListItem\",\"position\":1,\"name\":\"Strona g\u0142\u00f3wna\",\"item\":\"https:\/\/abcdomkrakow.pl\/sklep\/\"},{\"@type\":\"ListItem\",\"position\":2,\"name\":\"Koszyk\"}]},{\"@type\":\"WebSite\",\"@id\":\"https:\/\/abcdomkrakow.pl\/sklep\/#website\",\"url\":\"https:\/\/abcdomkrakow.pl\/sklep\/\",\"name\":\"AbcDom e-sklep z panelami podlogowymi\",\"description\":\"Oferujemy panele pod\u0142ogowe i parkiety. Panele winylowe i laminowane od producent\u00f3w Quickstep oraz Pergo. Szybka wycena, mo\u017cliwo\u015bc monta\u017cu i ciekawe promocje.\",\"publisher\":{\"@id\":\"https:\/\/abcdomkrakow.pl\/sklep\/#organization\"},\"potentialAction\":[{\"@type\":\"SearchAction\",\"target\":{\"@type\":\"EntryPoint\",\"urlTemplate\":\"https:\/\/abcdomkrakow.pl\/sklep\/?s={search_term_string}\"},\"query-input\":{\"@type\":\"PropertyValueSpecification\",\"valueRequired\":true,\"valueName\":\"search_term_string\"}}],\"inLanguage\":\"pl-PL\"},{\"@type\":\"Organization\",\"@id\":\"https:\/\/abcdomkrakow.pl\/sklep\/#organization\",\"name\":\"AbcDom Krak\u00f3w Sklep z Panelami Pod\u0142ogowymi\",\"url\":\"https:\/\/abcdomkrakow.pl\/sklep\/\",\"logo\":{\"@type\":\"ImageObject\",\"inLanguage\":\"pl-PL\",\"@id\":\"https:\/\/abcdomkrakow.pl\/sklep\/#\/schema\/logo\/image\/\",\"url\":\"https:\/\/abcdomkrakow.pl\/sklep\/wp-content\/uploads\/2020\/04\/logo-abcdom-krakow-drzwi-podlogi.png\",\"contentUrl\":\"https:\/\/abcdomkrakow.pl\/sklep\/wp-content\/uploads\/2020\/04\/logo-abcdom-krakow-drzwi-podlogi.png\",\"width\":230,\"height\":49,\"caption\":\"AbcDom Krak\u00f3w Sklep z Panelami Pod\u0142ogowymi\"},\"image\":{\"@id\":\"https:\/\/abcdomkrakow.pl\/sklep\/#\/schema\/logo\/image\/\"}}]}<\/script>\n<!-- \/ Yoast SEO plugin. -->","yoast_head_json":{"title":"Koszyk - AbcDom e-sklep z panelami podlogowymi","robots":{"index":"noindex","follow":"follow"},"og_locale":"pl_PL","og_type":"article","og_title":"Koszyk - AbcDom e-sklep z panelami podlogowymi","og_url":"https:\/\/abcdomkrakow.pl\/sklep\/koszyk\/","og_site_name":"AbcDom e-sklep z panelami podlogowymi","article_modified_time":"2025-04-24T13:06:02+00:00","twitter_card":"summary_large_image","twitter_misc":{"Szacowany czas czytania":"1 minuta"},"schema":{"@context":"https:\/\/schema.org","@graph":[{"@type":"WebPage","@id":"https:\/\/abcdomkrakow.pl\/sklep\/koszyk\/","url":"https:\/\/abcdomkrakow.pl\/sklep\/koszyk\/","name":"Koszyk - AbcDom e-sklep z panelami podlogowymi","isPartOf":{"@id":"https:\/\/abcdomkrakow.pl\/sklep\/#website"},"datePublished":"2017-01-24T14:15:25+00:00","dateModified":"2025-04-24T13:06:02+00:00","breadcrumb":{"@id":"https:\/\/abcdomkrakow.pl\/sklep\/koszyk\/#breadcrumb"},"inLanguage":"pl-PL","potentialAction":[{"@type":"ReadAction","target":["https:\/\/abcdomkrakow.pl\/sklep\/koszyk\/"]}]},{"@type":"BreadcrumbList","@id":"https:\/\/abcdomkrakow.pl\/sklep\/koszyk\/#breadcrumb","itemListElement":[{"@type":"ListItem","position":1,"name":"Strona g\u0142\u00f3wna","item":"https:\/\/abcdomkrakow.pl\/sklep\/"},{"@type":"ListItem","position":2,"name":"Koszyk"}]},{"@type":"WebSite","@id":"https:\/\/abcdomkrakow.pl\/sklep\/#website","url":"https:\/\/abcdomkrakow.pl\/sklep\/","name":"AbcDom e-sklep z panelami podlogowymi","description":"Oferujemy panele pod\u0142ogowe i parkiety. Panele winylowe i laminowane od producent\u00f3w Quickstep oraz Pergo. Szybka wycena, mo\u017cliwo\u015bc monta\u017cu i ciekawe promocje.","publisher":{"@id":"https:\/\/abcdomkrakow.pl\/sklep\/#organization"},"potentialAction":[{"@type":"SearchAction","target":{"@type":"EntryPoint","urlTemplate":"https:\/\/abcdomkrakow.pl\/sklep\/?s={search_term_string}"},"query-input":{"@type":"PropertyValueSpecification","valueRequired":true,"valueName":"search_term_string"}}],"inLanguage":"pl-PL"},{"@type":"Organization","@id":"https:\/\/abcdomkrakow.pl\/sklep\/#organization","name":"AbcDom Krak\u00f3w Sklep z Panelami Pod\u0142ogowymi","url":"https:\/\/abcdomkrakow.pl\/sklep\/","logo":{"@type":"ImageObject","inLanguage":"pl-PL","@id":"https:\/\/abcdomkrakow.pl\/sklep\/#\/schema\/logo\/image\/","url":"https:\/\/abcdomkrakow.pl\/sklep\/wp-content\/uploads\/2020\/04\/logo-abcdom-krakow-drzwi-podlogi.png","contentUrl":"https:\/\/abcdomkrakow.pl\/sklep\/wp-content\/uploads\/2020\/04\/logo-abcdom-krakow-drzwi-podlogi.png","width":230,"height":49,"caption":"AbcDom Krak\u00f3w Sklep z Panelami Pod\u0142ogowymi"},"image":{"@id":"https:\/\/abcdomkrakow.pl\/sklep\/#\/schema\/logo\/image\/"}}]}},"_links":{"self":[{"href":"https:\/\/abcdomkrakow.pl\/sklep\/wp-json\/wp\/v2\/pages\/3906","targetHints":{"allow":["GET"]}}],"collection":[{"href":"https:\/\/abcdomkrakow.pl\/sklep\/wp-json\/wp\/v2\/pages"}],"about":[{"href":"https:\/\/abcdomkrakow.pl\/sklep\/wp-json\/wp\/v2\/types\/page"}],"author":[{"embeddable":true,"href":"https:\/\/abcdomkrakow.pl\/sklep\/wp-json\/wp\/v2\/users\/1"}],"replies":[{"embeddable":true,"href":"https:\/\/abcdomkrakow.pl\/sklep\/wp-json\/wp\/v2\/comments?post=3906"}],"version-history":[{"count":3,"href":"https:\/\/abcdomkrakow.pl\/sklep\/wp-json\/wp\/v2\/pages\/3906\/revisions"}],"predecessor-version":[{"id":7841,"href":"https:\/\/abcdomkrakow.pl\/sklep\/wp-json\/wp\/v2\/pages\/3906\/revisions\/7841"}],"wp:attachment":[{"href":"https:\/\/abcdomkrakow.pl\/sklep\/wp-json\/wp\/v2\/media?parent=3906"}],"curies":[{"name":"wp","href":"https:\/\/api.w.org\/{rel}","templated":true}]}}