{"id":3,"date":"2020-04-15T12:05:18","date_gmt":"2020-04-15T10:05:18","guid":{"rendered":"https:\/\/abcdomkrakow.pl\/sklep\/?page_id=3"},"modified":"2021-04-22T15:18:12","modified_gmt":"2021-04-22T13:18:12","slug":"polityka-prywatnosci","status":"publish","type":"page","link":"https:\/\/abcdomkrakow.pl\/sklep\/polityka-prywatnosci\/","title":{"rendered":"Polityka prywatno\u015bci"},"content":{"rendered":"<div class=\"wpb-content-wrapper\"><p>[vc_row][vc_column][vc_column_text]<\/p>\r\n<p><\/p>\r\n<p><strong>Polityka prywatno\u015bci sklepu<\/strong><\/p>\r\n<p><em>\u00a0<\/em><\/p>\r\n<p><strong>Zapewniamy naszym Klientom pe\u0142ne poszanowanie ich prywatno\u015bci oraz ochron\u0119 ich danych osobowych.<\/strong><\/p>\r\n<p>&nbsp;<\/p>\r\n<p>Dane osobowe przekazywane nam przez Klient\u00f3w przetwarzamy w spos\u00f3b zgodny z zakresem udzielonego przez Klient\u00f3w zezwolenia oraz wymogami prawa, w szczeg\u00f3lno\u015bci zgodnie z ustaw\u0105 z dnia 29 sierpnia 1997 r. o ochronie danych osobowych (Dz. U. Nr 133, poz. 883 z p\u00f3\u017an. zm.). Dane osobowe Klient\u00f3w przechowujemy na serwerach zapewniaj\u0105cych ich pe\u0142ne bezpiecze\u0144stwo. Dost\u0119p do bazy danych posiadaj\u0105 jedynie uprawnieni pracownicy Sklepu.<\/p>\r\n<p>Ka\u017cdy Klient, kt\u00f3ry przekaza\u0142 nam swoje dane osobowe ma pe\u0142n\u0105 mo\u017cliwo\u015b\u0107 dost\u0119pu do swoich danych w celu ich weryfikacji, modyfikacji lub te\u017c \u017c\u0105dania usuni\u0119cia.<\/p>\r\n<p>Sklep nie przekazuje, nie sprzedaje ani nie u\u017cycza zgromadzonych danych osobowych Klient\u00f3w osobom trzecim, chyba \u017ce dzieje si\u0119 to za wyra\u017an\u0105 zgod\u0105 lub na \u017cyczenie Klienta albo na \u017c\u0105danie uprawnionych na podstawie prawa organ\u00f3w pa\u0144stwa w zwi\u0105zku z tocz\u0105cymi si\u0119 post\u0119powaniami oraz\u00a0za wyj\u0105tkiem konieczno\u015bci realizacji wysy\u0142ki zam\u00f3wionych produkt\u00f3w.<\/p>\r\n<p>Nasz Sklep pos\u0142uguje si\u0119 r\u00f3wnie\u017c tzw. plikami cookies (ciasteczka). Pliki te s\u0105 zapisywane na komputerze Klienta przez nasz serwer i dostarczaj\u0105 danych statystycznych o aktywno\u015bci Klienta, w celu dobrania naszej oferty do jego indywidualnych potrzeb i gust\u00f3w. Klient w ka\u017cdej chwili mo\u017ce wy\u0142\u0105czy\u0107 w swojej przegl\u0105darce internetowej opcj\u0119 przyjmowania cookies, cho\u0107 musi mie\u0107 \u015bwiadomo\u015b\u0107, \u017ce w niekt\u00f3rych przypadkach od\u0142\u0105czenie tych plik\u00f3w mo\u017ce wp\u0142yn\u0105\u0107 na utrudnienia w korzystaniu z oferty naszego Sklepu. Pliki cookies zapisywane na komputerze Klienta przechowuj\u0105 informacje na temat:<\/p>\r\n<ul>\r\n<li>sesji U\u017cytkownika,<\/li>\r\n<li>ostatnio ogl\u0105danych produkt\u00f3w,<\/li>\r\n<li>oddania g\u0142osu w ankiecie.<\/li>\r\n<\/ul>\r\n<p>&nbsp;<\/p>\r\n<p>Pragniemy zwr\u00f3ci\u0107 Pa\u0144stwa uwag\u0119, \u017ce je\u017celi na stronie internetowej naszego Sklepu zamieszczamy linki prowadz\u0105ce do innych, nieadministrowanych przez nas stron internetowych, to nie mo\u017cemy odpowiada\u0107 ani za zawarto\u015b\u0107 tych\u017ce stron, ani za stopie\u0144 ochrony prywatno\u015bci realizowany przez administrator\u00f3w tych stron. Podejmuj\u0105c decyzj\u0119 o przej\u015bciu na takie strony, Klient czyni to na w\u0142asn\u0105 odpowiedzialno\u015b\u0107. Zach\u0119camy przy okazji do zapoznania si\u0119 z polityk\u0105 prywatno\u015bci realizowan\u0105 przez te strony, zanim Klient udost\u0119pni im swoje dane osobowe.<\/p>\r\n<p>Materia\u0142y reklamowo &#8211; promocyjne wysy\u0142amy Klientom jedynie w\u00f3wczas, gdy wyrazili na to zgod\u0119. Dotyczy to w szczeg\u00f3lno\u015bci newslettera wysy\u0142anego Klientowi, je\u017celi potwierdzi wyra\u017anie wskazanego przez nas linka zawieraj\u0105cego akceptacj\u0119 na otrzymywanie newslettera o aktualnych promocjach,\u00a0 rabatach i nowo\u015bciach w naszym Sklepie. Materia\u0142y te dotycz\u0105\u00a0 wy\u0142\u0105cznie oferty naszego Sklepu.<\/p>\r\n<p>Wszelkie pytania, wnioski i sugestie odnosz\u0105ce si\u0119 do ochrony Pa\u0144stwa prywatno\u015bci, w szczeg\u00f3lno\u015bci danych osobowych prosimy zg\u0142asza\u0107 na adres b\u0105d\u017a telefonicznie pod numerem .<\/p>\r\n<p><strong>OCHRONA DANYCH OSOBOWYCH Ustawa RODO<\/strong><\/p>\r\n<p>Z uwagi na zmieniaj\u0105ce si\u0119 przepisy o ochronie danych osobowych, przekazujemy Pa\u0144stwu informacj\u0119 na temat Pa\u0144stwa praw zwi\u0105zanych z przetwarzanymi przez nas danymi osobowymi.<br \/>Informujemy, \u017ce administratorem Pani\/Pana danych osobowych jest ABC Dom Sp. Jawna Kota\u015b i Wsp\u00f3lnik z siedzib\u0105 w 31-929 Krak\u00f3w, os. Centrum C 2\/42. Pani\/Pana dane osobowe b\u0119d\u0105 przetwarzane w celu umo\u017cliwienia kontynuacji wsp\u00f3\u0142pracy pomi\u0119dzy firm\u0105 ABC Dom Sp. Jawna Kota\u015b i Wsp\u00f3lnik. a Panem\/Pani\u0105 oraz w celu marketingu bezpo\u015bredniego oraz realizacji zam\u00f3wie\u0144 realizowanego przez ABC Dom Sp. Jawna Kota\u015b i Wsp\u00f3lnik. Przetwarzanie danych osobowych jest niezb\u0119dne do realizacji wskazanych wy\u017cej cel\u00f3w oraz odpowiadaj\u0105cych tym celom prawnie uzasadnionych interes\u00f3w administratora. Podanie danych osobowych jest dobrowolne, jednak niezb\u0119dne do wykonywania w\/w czynno\u015bci. Pomimo dobrowolno\u015bci, konsekwencj\u0105 niepodania danych osobowych b\u0119dzie brak mo\u017cliwo\u015bci wykonywania w\/w czynno\u015bci.<\/p>\r\n<p>Podstaw\u0105 prawn\u0105 przetwarzania podanych przez Pani\u0105\/Pana danych osobowych s\u0105 przepisy art. 6 ust. 1 lit. b i f ROZPORZ\u0104DZENIA PARLAMENTU EUROPEJSKIEGO I RADY (UE) 2016\/679 z dnia 27 kwietnia 2016 r. w sprawie ochrony os\u00f3b fizycznych w zwi\u0105zku z przetwarzaniem danych osobowych i w sprawie swobodnego przep\u0142ywu takich danych oraz uchylenia dyrektywy 95\/46\/WE, a w pozosta\u0142ym zakresie &#8211; \u00a0udzielona przez Pa\u0144stwa zgoda.<\/p>\r\n<p>Ma Pani\/Pan prawo do wniesienia skargi do organu nadzorczego w zakresie ochrony danych osobowych, je\u015bli uzna Pani\/Pan, \u017ce przetwarzanie danych osobowych przez ABC Dom Sp. Jawna Kota\u015b i Wsp\u00f3lnik narusza przepisy o ochronie danych osobowych. Przetwarzane przez nas Pani\/Pana dane osobowe mog\u0105 by\u0107 przekazywane do os\u00f3b lub firm trzecich tylko w celu prawid\u0142owej realizacji zam\u00f3wie\u0144. Pani\/Pana dane nie b\u0119d\u0105 przetwarzane w spos\u00f3b zautomatyzowany i nie b\u0119d\u0105 profilowane.<\/p>\r\n<p>Przys\u0142uguje Pani\/Panu prawo dost\u0119pu do tre\u015bci swoich danych osobowych oraz prawo do ich sprostowania, usuni\u0119cia lub ograniczenia przetwarzania, prawo do przenoszenia danych oraz prawo do wniesienia sprzeciwu wobec ich przetwarzania w dowolnym momencie bez wp\u0142ywu na zgodno\u015b\u0107 z prawem przetwarzania, kt\u00f3rego dokonano na podstawie zgody przed jej cofni\u0119ciem. W zakresie, w jakim wykorzystanie podanych przez Pani\u0105\/Pana informacji opiera si\u0119 na udzielonej przez Pani\u0105\/Pana zgodzie, ma Pani\/Pan prawo do cofni\u0119cia zgody w dowolnym momencie bez wp\u0142ywu na zgodno\u015b\u0107 z prawem przetwarzania, kt\u00f3rego dokonano na podstawie zgody przed jej cofni\u0119ciem.<\/p>\r\n<p>Je\u015bli chce Pani\/Pan zmieni\u0107 zakres przetwarzanych przez nas danych, w tym wnie\u015b\u0107 sprzeciw lub cofn\u0105\u0107 swoj\u0105 zgod\u0119, prosimy o wys\u0142anie wiadomo\u015bci do wyznaczonego Inspektora Ochrony Danych, z kt\u00f3rym mo\u017cna si\u0119 kontaktowa\u0107 na adres e-mail:\u00a0<a href=\"mailto:sklep@abcdomkrakow.pl\">sklep@abcdomkrakow.pl<\/a>\u00a0<\/p>\r\n<p>Informujemy r\u00f3wnie\u017c, \u017ce:<\/p>\r\n<p>Administrator dok\u0142ada wszelkich stara\u0144, aby zapewni\u0107 wszelkie \u015brodki fizycznej, technicznej i organizacyjnej ochrony danych osobowych przed ich przypadkowym czy umy\u015blnym zniszczeniem, przypadkow\u0105 utrat\u0105, zmian\u0105, nieuprawnionym ujawnieniem, wykorzystaniem czy dost\u0119pem, zgodnie ze wszystkimi obowi\u0105zuj\u0105cymi przepisami.<\/p>\r\n<p>Administrator Danych Osobowych<\/p>\r\n<p>&nbsp;<\/p>\r\n<p><\/p>\r\n<p>[\/vc_column_text][\/vc_column][\/vc_row]<\/p><\/div>","protected":false},"excerpt":{"rendered":"<p>[vc_row][vc_column][vc_column_text] Polityka prywatno\u015bci sklepu \u00a0 Zapewniamy naszym Klientom pe\u0142ne poszanowanie ich prywatno\u015bci oraz ochron\u0119 ich danych osobowych. &nbsp; Dane osobowe przekazywane nam przez Klient\u00f3w przetwarzamy w spos\u00f3b zgodny z zakresem udzielonego przez Klient\u00f3w zezwolenia oraz wymogami prawa, w szczeg\u00f3lno\u015bci zgodnie z ustaw\u0105 z dnia 29 sierpnia 1997 r. o ochronie danych osobowych (Dz. U. Nr 133, poz. 883 z p\u00f3\u017an. zm.). Dane osobowe Klient\u00f3w przechowujemy na serwerach zapewniaj\u0105cych ich pe\u0142ne bezpiecze\u0144stwo. Dost\u0119p do bazy danych posiadaj\u0105 jedynie uprawnieni pracownicy Sklepu. Ka\u017cdy Klient, kt\u00f3ry przekaza\u0142 nam swoje dane osobowe ma pe\u0142n\u0105 mo\u017cliwo\u015b\u0107 dost\u0119pu do swoich danych w celu ich weryfikacji, modyfikacji lub te\u017c \u017c\u0105dania usuni\u0119cia. Sklep nie przekazuje, nie sprzedaje ani nie u\u017cycza zgromadzonych danych osobowych Klient\u00f3w osobom trzecim, chyba \u017ce dzieje si\u0119 to za wyra\u017an\u0105 zgod\u0105 lub na \u017cyczenie Klienta albo na \u017c\u0105danie uprawnionych na [&hellip;]<\/p>\n","protected":false},"author":1,"featured_media":0,"parent":0,"menu_order":0,"comment_status":"closed","ping_status":"open","template":"","meta":{"footnotes":""},"class_list":["post-3","page","type-page","status-publish","hentry"],"yoast_head":"<!-- This site is optimized with the Yoast SEO plugin v24.4 - https:\/\/yoast.com\/wordpress\/plugins\/seo\/ -->\n<title>Polityka prywatno\u015bci - AbcDom e-sklep z panelami podlogowymi<\/title>\n<meta name=\"robots\" content=\"noindex, nofollow\" \/>\n<meta property=\"og:locale\" content=\"pl_PL\" \/>\n<meta property=\"og:type\" content=\"article\" \/>\n<meta property=\"og:title\" content=\"Polityka prywatno\u015bci - AbcDom e-sklep z panelami podlogowymi\" \/>\n<meta property=\"og:description\" content=\"[vc_row][vc_column][vc_column_text] Polityka prywatno\u015bci sklepu \u00a0 Zapewniamy naszym Klientom pe\u0142ne poszanowanie ich prywatno\u015bci oraz ochron\u0119 ich danych osobowych. &nbsp; Dane osobowe przekazywane nam przez Klient\u00f3w przetwarzamy w spos\u00f3b zgodny z zakresem udzielonego przez Klient\u00f3w zezwolenia oraz wymogami prawa, w szczeg\u00f3lno\u015bci zgodnie z ustaw\u0105 z dnia 29 sierpnia 1997 r. o ochronie danych osobowych (Dz. U. Nr 133, poz. 883 z p\u00f3\u017an. zm.). Dane osobowe Klient\u00f3w przechowujemy na serwerach zapewniaj\u0105cych ich pe\u0142ne bezpiecze\u0144stwo. Dost\u0119p do bazy danych posiadaj\u0105 jedynie uprawnieni pracownicy Sklepu. Ka\u017cdy Klient, kt\u00f3ry przekaza\u0142 nam swoje dane osobowe ma pe\u0142n\u0105 mo\u017cliwo\u015b\u0107 dost\u0119pu do swoich danych w celu ich weryfikacji, modyfikacji lub te\u017c \u017c\u0105dania usuni\u0119cia. Sklep nie przekazuje, nie sprzedaje ani nie u\u017cycza zgromadzonych danych osobowych Klient\u00f3w osobom trzecim, chyba \u017ce dzieje si\u0119 to za wyra\u017an\u0105 zgod\u0105 lub na \u017cyczenie Klienta albo na \u017c\u0105danie uprawnionych na [&hellip;]\" \/>\n<meta property=\"og:url\" content=\"https:\/\/abcdomkrakow.pl\/sklep\/polityka-prywatnosci\/\" \/>\n<meta property=\"og:site_name\" content=\"AbcDom e-sklep z panelami podlogowymi\" \/>\n<meta property=\"article:modified_time\" content=\"2021-04-22T13:18:12+00:00\" \/>\n<meta name=\"twitter:card\" content=\"summary_large_image\" \/>\n<meta name=\"twitter:label1\" content=\"Szacowany czas czytania\" \/>\n\t<meta name=\"twitter:data1\" content=\"5 minut\" \/>\n<script type=\"application\/ld+json\" class=\"yoast-schema-graph\">{\"@context\":\"https:\/\/schema.org\",\"@graph\":[{\"@type\":\"WebPage\",\"@id\":\"https:\/\/abcdomkrakow.pl\/sklep\/polityka-prywatnosci\/\",\"url\":\"https:\/\/abcdomkrakow.pl\/sklep\/polityka-prywatnosci\/\",\"name\":\"Polityka prywatno\u015bci - AbcDom e-sklep z panelami podlogowymi\",\"isPartOf\":{\"@id\":\"https:\/\/abcdomkrakow.pl\/sklep\/#website\"},\"datePublished\":\"2020-04-15T10:05:18+00:00\",\"dateModified\":\"2021-04-22T13:18:12+00:00\",\"breadcrumb\":{\"@id\":\"https:\/\/abcdomkrakow.pl\/sklep\/polityka-prywatnosci\/#breadcrumb\"},\"inLanguage\":\"pl-PL\",\"potentialAction\":[{\"@type\":\"ReadAction\",\"target\":[\"https:\/\/abcdomkrakow.pl\/sklep\/polityka-prywatnosci\/\"]}]},{\"@type\":\"BreadcrumbList\",\"@id\":\"https:\/\/abcdomkrakow.pl\/sklep\/polityka-prywatnosci\/#breadcrumb\",\"itemListElement\":[{\"@type\":\"ListItem\",\"position\":1,\"name\":\"Strona g\u0142\u00f3wna\",\"item\":\"https:\/\/abcdomkrakow.pl\/sklep\/\"},{\"@type\":\"ListItem\",\"position\":2,\"name\":\"Polityka prywatno\u015bci\"}]},{\"@type\":\"WebSite\",\"@id\":\"https:\/\/abcdomkrakow.pl\/sklep\/#website\",\"url\":\"https:\/\/abcdomkrakow.pl\/sklep\/\",\"name\":\"AbcDom e-sklep z panelami podlogowymi\",\"description\":\"Oferujemy panele pod\u0142ogowe i parkiety. Panele winylowe i laminowane od producent\u00f3w Quickstep oraz Pergo. Szybka wycena, mo\u017cliwo\u015bc monta\u017cu i ciekawe promocje.\",\"publisher\":{\"@id\":\"https:\/\/abcdomkrakow.pl\/sklep\/#organization\"},\"potentialAction\":[{\"@type\":\"SearchAction\",\"target\":{\"@type\":\"EntryPoint\",\"urlTemplate\":\"https:\/\/abcdomkrakow.pl\/sklep\/?s={search_term_string}\"},\"query-input\":{\"@type\":\"PropertyValueSpecification\",\"valueRequired\":true,\"valueName\":\"search_term_string\"}}],\"inLanguage\":\"pl-PL\"},{\"@type\":\"Organization\",\"@id\":\"https:\/\/abcdomkrakow.pl\/sklep\/#organization\",\"name\":\"AbcDom Krak\u00f3w Sklep z Panelami Pod\u0142ogowymi\",\"url\":\"https:\/\/abcdomkrakow.pl\/sklep\/\",\"logo\":{\"@type\":\"ImageObject\",\"inLanguage\":\"pl-PL\",\"@id\":\"https:\/\/abcdomkrakow.pl\/sklep\/#\/schema\/logo\/image\/\",\"url\":\"https:\/\/abcdomkrakow.pl\/sklep\/wp-content\/uploads\/2020\/04\/logo-abcdom-krakow-drzwi-podlogi.png\",\"contentUrl\":\"https:\/\/abcdomkrakow.pl\/sklep\/wp-content\/uploads\/2020\/04\/logo-abcdom-krakow-drzwi-podlogi.png\",\"width\":230,\"height\":49,\"caption\":\"AbcDom Krak\u00f3w Sklep z Panelami Pod\u0142ogowymi\"},\"image\":{\"@id\":\"https:\/\/abcdomkrakow.pl\/sklep\/#\/schema\/logo\/image\/\"}}]}<\/script>\n<!-- \/ Yoast SEO plugin. -->","yoast_head_json":{"title":"Polityka prywatno\u015bci - AbcDom e-sklep z panelami podlogowymi","robots":{"index":"noindex","follow":"nofollow"},"og_locale":"pl_PL","og_type":"article","og_title":"Polityka prywatno\u015bci - AbcDom e-sklep z panelami podlogowymi","og_description":"[vc_row][vc_column][vc_column_text] Polityka prywatno\u015bci sklepu \u00a0 Zapewniamy naszym Klientom pe\u0142ne poszanowanie ich prywatno\u015bci oraz ochron\u0119 ich danych osobowych. &nbsp; Dane osobowe przekazywane nam przez Klient\u00f3w przetwarzamy w spos\u00f3b zgodny z zakresem udzielonego przez Klient\u00f3w zezwolenia oraz wymogami prawa, w szczeg\u00f3lno\u015bci zgodnie z ustaw\u0105 z dnia 29 sierpnia 1997 r. o ochronie danych osobowych (Dz. U. Nr 133, poz. 883 z p\u00f3\u017an. zm.). Dane osobowe Klient\u00f3w przechowujemy na serwerach zapewniaj\u0105cych ich pe\u0142ne bezpiecze\u0144stwo. Dost\u0119p do bazy danych posiadaj\u0105 jedynie uprawnieni pracownicy Sklepu. Ka\u017cdy Klient, kt\u00f3ry przekaza\u0142 nam swoje dane osobowe ma pe\u0142n\u0105 mo\u017cliwo\u015b\u0107 dost\u0119pu do swoich danych w celu ich weryfikacji, modyfikacji lub te\u017c \u017c\u0105dania usuni\u0119cia. Sklep nie przekazuje, nie sprzedaje ani nie u\u017cycza zgromadzonych danych osobowych Klient\u00f3w osobom trzecim, chyba \u017ce dzieje si\u0119 to za wyra\u017an\u0105 zgod\u0105 lub na \u017cyczenie Klienta albo na \u017c\u0105danie uprawnionych na [&hellip;]","og_url":"https:\/\/abcdomkrakow.pl\/sklep\/polityka-prywatnosci\/","og_site_name":"AbcDom e-sklep z panelami podlogowymi","article_modified_time":"2021-04-22T13:18:12+00:00","twitter_card":"summary_large_image","twitter_misc":{"Szacowany czas czytania":"5 minut"},"schema":{"@context":"https:\/\/schema.org","@graph":[{"@type":"WebPage","@id":"https:\/\/abcdomkrakow.pl\/sklep\/polityka-prywatnosci\/","url":"https:\/\/abcdomkrakow.pl\/sklep\/polityka-prywatnosci\/","name":"Polityka prywatno\u015bci - AbcDom e-sklep z panelami podlogowymi","isPartOf":{"@id":"https:\/\/abcdomkrakow.pl\/sklep\/#website"},"datePublished":"2020-04-15T10:05:18+00:00","dateModified":"2021-04-22T13:18:12+00:00","breadcrumb":{"@id":"https:\/\/abcdomkrakow.pl\/sklep\/polityka-prywatnosci\/#breadcrumb"},"inLanguage":"pl-PL","potentialAction":[{"@type":"ReadAction","target":["https:\/\/abcdomkrakow.pl\/sklep\/polityka-prywatnosci\/"]}]},{"@type":"BreadcrumbList","@id":"https:\/\/abcdomkrakow.pl\/sklep\/polityka-prywatnosci\/#breadcrumb","itemListElement":[{"@type":"ListItem","position":1,"name":"Strona g\u0142\u00f3wna","item":"https:\/\/abcdomkrakow.pl\/sklep\/"},{"@type":"ListItem","position":2,"name":"Polityka prywatno\u015bci"}]},{"@type":"WebSite","@id":"https:\/\/abcdomkrakow.pl\/sklep\/#website","url":"https:\/\/abcdomkrakow.pl\/sklep\/","name":"AbcDom e-sklep z panelami podlogowymi","description":"Oferujemy panele pod\u0142ogowe i parkiety. Panele winylowe i laminowane od producent\u00f3w Quickstep oraz Pergo. Szybka wycena, mo\u017cliwo\u015bc monta\u017cu i ciekawe promocje.","publisher":{"@id":"https:\/\/abcdomkrakow.pl\/sklep\/#organization"},"potentialAction":[{"@type":"SearchAction","target":{"@type":"EntryPoint","urlTemplate":"https:\/\/abcdomkrakow.pl\/sklep\/?s={search_term_string}"},"query-input":{"@type":"PropertyValueSpecification","valueRequired":true,"valueName":"search_term_string"}}],"inLanguage":"pl-PL"},{"@type":"Organization","@id":"https:\/\/abcdomkrakow.pl\/sklep\/#organization","name":"AbcDom Krak\u00f3w Sklep z Panelami Pod\u0142ogowymi","url":"https:\/\/abcdomkrakow.pl\/sklep\/","logo":{"@type":"ImageObject","inLanguage":"pl-PL","@id":"https:\/\/abcdomkrakow.pl\/sklep\/#\/schema\/logo\/image\/","url":"https:\/\/abcdomkrakow.pl\/sklep\/wp-content\/uploads\/2020\/04\/logo-abcdom-krakow-drzwi-podlogi.png","contentUrl":"https:\/\/abcdomkrakow.pl\/sklep\/wp-content\/uploads\/2020\/04\/logo-abcdom-krakow-drzwi-podlogi.png","width":230,"height":49,"caption":"AbcDom Krak\u00f3w Sklep z Panelami Pod\u0142ogowymi"},"image":{"@id":"https:\/\/abcdomkrakow.pl\/sklep\/#\/schema\/logo\/image\/"}}]}},"_links":{"self":[{"href":"https:\/\/abcdomkrakow.pl\/sklep\/wp-json\/wp\/v2\/pages\/3","targetHints":{"allow":["GET"]}}],"collection":[{"href":"https:\/\/abcdomkrakow.pl\/sklep\/wp-json\/wp\/v2\/pages"}],"about":[{"href":"https:\/\/abcdomkrakow.pl\/sklep\/wp-json\/wp\/v2\/types\/page"}],"author":[{"embeddable":true,"href":"https:\/\/abcdomkrakow.pl\/sklep\/wp-json\/wp\/v2\/users\/1"}],"replies":[{"embeddable":true,"href":"https:\/\/abcdomkrakow.pl\/sklep\/wp-json\/wp\/v2\/comments?post=3"}],"version-history":[{"count":1,"href":"https:\/\/abcdomkrakow.pl\/sklep\/wp-json\/wp\/v2\/pages\/3\/revisions"}],"predecessor-version":[{"id":12688,"href":"https:\/\/abcdomkrakow.pl\/sklep\/wp-json\/wp\/v2\/pages\/3\/revisions\/12688"}],"wp:attachment":[{"href":"https:\/\/abcdomkrakow.pl\/sklep\/wp-json\/wp\/v2\/media?parent=3"}],"curies":[{"name":"wp","href":"https:\/\/api.w.org\/{rel}","templated":true}]}}