{"id":12689,"date":"2020-10-29T15:43:03","date_gmt":"2020-10-29T14:43:03","guid":{"rendered":"https:\/\/abcdomkrakow.pl\/sklep\/?page_id=12689"},"modified":"2020-10-29T15:59:55","modified_gmt":"2020-10-29T14:59:55","slug":"gwarancja-i-serwis","status":"publish","type":"page","link":"https:\/\/abcdomkrakow.pl\/sklep\/gwarancja-i-serwis\/","title":{"rendered":"Gwarancja i serwis"},"content":{"rendered":"<p><strong>Gwarancja i serwis<\/strong><\/p>\n<p>&nbsp;<\/p>\n<p>Cz\u0119\u015b\u0107 produkt\u00f3w sprzedawanych w naszym sklepie posiada gwarancj\u0119 producenta.\u00a0W przypadku wykrycia wady w sprz\u0119cie obj\u0119tym gwarancj\u0105, skontaktuj si\u0119 z najbli\u017cszym punktem serwisowym, wskazanym w karcie gwarancyjnej lub na stronach internetowych producent\u00f3w.\u00a0Jest to bardzo szybki proces reklamacji, kt\u00f3ry pozwala w najkr\u00f3tszym czasie doprowadzi\u0107 sprz\u0119t\u00a0do sprawno\u015bci.<\/p>\n<p>Uwaga: prosimy o zachowanie dowodu zakupu (paragon lub faktura) i oryginalnego opakowania a\u017c do momentu zako\u0144czenia okresu gwarancyjnego &#8211; stanowi\u0105 one podstaw\u0119 do zg\u0142aszania reklamacji.<\/p>\n<p>&nbsp;<\/p>\n<p><strong>Reklamacje<\/strong><\/p>\n<p>&nbsp;<\/p>\n<p>Przed odebraniem przesy\u0142ki zawsze sprawd\u017a, czy nie uleg\u0142a uszkodzeniu w transporcie. Je\u017celi opakowanie posiada\u00a0widoczne uszkodzenia\u00a0zewn\u0119trzne, zalecamy\u00a0odm\u00f3wienia przyj\u0119cia przesy\u0142ki, a nast\u0119pnie skontaktowanie si\u0119 z nami pod numerem telefonu <strong>12\u00a0413 83 74.<\/strong><\/p>\n<p>Po op\u0142aceniu kwoty pobrania i pokwitowaniu odbioru paczki istnieje mo\u017cliwo\u015b\u0107\u00a0otwarcia paczki w obecno\u015bci kuriera &#8211; w przypadku stwierdzenia niezgodno\u015bci, sporz\u0105dzany jest protok\u00f3\u0142 rozbie\u017cno\u015bci, kt\u00f3ry stanowi podstaw\u0119 p\u00f3\u017aniejszej reklamacji.<\/p>\n<p>Je\u017celi zakupiony towar okazuje si\u0119 mie\u0107 wady fabryczne lub jest niezgodny z opisem, prosimy\u00a0o post\u0119powanie zgodnie z poni\u017csz\u0105 procedur\u0105 reklamacyjn\u0105:<\/p>\n<ol>\n<li>Prze\u015blij do nas produkt, kt\u00f3ry chcesz zareklamowa\u0107, do\u0142\u0105czaj\u0105c\u00a0do niego pisemne o\u015bwiadczenie,w kt\u00f3rym opiszesz szczeg\u00f3\u0142owe powody reklamacji produktu, form\u0119 rekompensaty, a tak\u017ce adres zwrotny oraz numer konta, na kt\u00f3ry zostanie dokonany zwrot pieni\u0119dzy (w zale\u017cno\u015bci od podj\u0119tej przez sklep decyzji).<\/li>\n<li>W\u00a0<strong>ci\u0105gu 14 dni<\/strong>od otrzymania przesy\u0142ki poinformujemy Ci\u0119 mailowo lub telefonicznie o wyniku post\u0119powania reklamacyjnego.<\/li>\n<li>Je\u017celi reklamacja zostanie rozpatrzona pozytywnie, w\u00a0<strong>ci\u0105gu 7 dni<\/strong>roboczych od dnia podj\u0119cia decyzji, zrekompensujemy poniesione przez Ciebie koszty poprzez: napraw\u0119 reklamowanego produktu, przes\u0142anie nowego egzemplarza produktu lub zwrot pieni\u0119dzy.<\/li>\n<li>Je\u017celi reklamacja zostanie uznana za nieuzasadnion\u0105, przeka\u017cemy Ci szczeg\u00f3\u0142owe uzasadnienie podj\u0119tej decyzji i w\u00a0<strong>ci\u0105gu 14 dni<\/strong>roboczych ode\u015blemy na nasz koszt reklamowany produkt. W przypadku p\u0142atno\u015bci kart\u0105 p\u0142atnicz\u0105 zwrot \u015brodk\u00f3w zostanie wykonany na kart\u0119.<\/li>\n<\/ol>\n<p>&nbsp;<\/p>\n<p>W razie w\u0105tpliwo\u015bci, zapraszamy do kontaktu pod adresem e-mail:\u00a0<strong>sklep@abcdomkrakow.pl<\/strong>\u00a0lub telefonicznie:\u00a0<strong>12\u00a0413 83 74<\/strong>. Udzielimy Ci wskaz\u00f3wek, jak szybko i bezproblemowo przeprowadzi\u0107 reklamacj\u0119.<\/p>\n<p>&nbsp;<\/p>\n<p><strong>Zwrot produkt\u00f3w<\/strong><\/p>\n<p>&nbsp;<\/p>\n<p>Zgodnie z obowi\u0105zuj\u0105cymi przepisami, w ci\u0105gu 10 dni kalendarzowych od daty dostarczenia zam\u00f3wionego towaru, masz prawo jego zwrotu bez podania przyczyn w ramach odst\u0105pienia od umowy, wg og\u00f3lnych zasad wynikaj\u0105cych z przepis\u00f3w dotycz\u0105cych zawierania um\u00f3w na odleg\u0142o\u015b\u0107. Dotyczy to wy\u0142\u0105cznie\u00a0sprzeda\u017cy konsumenckiej, a wi\u0119c stosuje si\u0119 tylko do sprzeda\u017cy osobie fizycznej, kt\u00f3ra dokonuje zakupu w celu niezwi\u0105zanym z dzia\u0142alno\u015bci\u0105 zawodow\u0105 lub gospodarcz\u0105.<\/p>\n<p>Zwracany produkt nie mo\u017ce nosi\u0107 \u015blad\u00f3w u\u017cywania &#8211; ka\u017cdy element musi by\u0107 kompletny i fabrycznie zapakowany, towar dostarczony w oryginalnym opakowaniu w stanie niezmienionym.\u00a0W przypadku niespe\u0142nienia tego warunku, produkt nie zostanie przyj\u0119ty.<\/p>\n<p>&nbsp;<\/p>\n<p><strong>Je\u017celi chcesz dokona\u0107 zwrotu produktu:<\/strong><\/p>\n<ol>\n<li>Ode\u015blij zakupiony produkt w nieuszkodzonym stanie i w oryginalnym opakowaniu wraz z ca\u0142\u0105 jego zawarto\u015bci\u0105.<\/li>\n<li>Do\u0142\u0105cz do przesy\u0142ki pisemne o\u015bwiadczenie, w kt\u00f3rym zawrzesz ch\u0119\u0107 zwrotu produktu, a tak\u017ce numer konta, na kt\u00f3re zostanie przekazany zwrot pieni\u0119dzy.<\/li>\n<li>W\u00a0<strong>ci\u0105gu 3 dni<\/strong>roboczych od otrzymania Twojej przesy\u0142ki, sprawdzimy stan przekazanego produktu (czy nie nosi \u015blad\u00f3w u\u017cytkowania, czy nie zosta\u0142 uszkodzony lub zniszczony, czy znajduje si\u0119 w oryginalnym opakowaniu z ca\u0142\u0105 jego zawarto\u015bci\u0105).<\/li>\n<li>Je\u017celi nie odnotujemy przeciwwskaza\u0144, na Tw\u00f3j adres email prze\u015blemy informacj\u0119 o pozytywnym rozpatrzeniu zwrotu produktu. Na za\u0142\u0105czony numer konta\u00a0<strong>w ci\u0105gu 7 dni zostanie<\/strong>dokonany zwrot pieni\u0119dzy. W przypadku p\u0142atno\u015bci kart\u0105 p\u0142atnicz\u0105 zwrot \u015brodk\u00f3w zostanie wykonany na kart\u0119.<\/li>\n<\/ol>\n<p>&nbsp;<\/p>\n<p>Je\u017celi Tw\u00f3j zwrot produktu zostanie odrzucony (ze wzgl\u0119du na uszkodzenie produktu lub oznaki u\u017cytkowania), przeka\u017cemy Ci na wskazany adres email informacj\u0119 o nieprzyj\u0119ciu zwrotu produktu. W\u00a0ci\u0105gu 7 dni\u00a0roboczych\u00a0na wskazany adres zwrotny\u00a0ode\u015blemy produkt, pokrywaj\u0105c koszt przesy\u0142ki.<\/p>\n","protected":false},"excerpt":{"rendered":"<p>Gwarancja i serwis &nbsp; Cz\u0119\u015b\u0107 produkt\u00f3w sprzedawanych w naszym sklepie posiada gwarancj\u0119 producenta.\u00a0W przypadku wykrycia wady w sprz\u0119cie obj\u0119tym gwarancj\u0105, skontaktuj si\u0119 z najbli\u017cszym punktem serwisowym, wskazanym w karcie gwarancyjnej lub na stronach internetowych producent\u00f3w.\u00a0Jest to bardzo szybki proces reklamacji, kt\u00f3ry pozwala w najkr\u00f3tszym czasie doprowadzi\u0107 sprz\u0119t\u00a0do sprawno\u015bci. Uwaga: prosimy o zachowanie dowodu zakupu (paragon lub faktura) i oryginalnego opakowania a\u017c do momentu zako\u0144czenia okresu gwarancyjnego &#8211; stanowi\u0105 one podstaw\u0119 do zg\u0142aszania reklamacji. &nbsp; Reklamacje &nbsp; Przed odebraniem przesy\u0142ki zawsze sprawd\u017a, czy nie uleg\u0142a uszkodzeniu w transporcie. Je\u017celi opakowanie posiada\u00a0widoczne uszkodzenia\u00a0zewn\u0119trzne, zalecamy\u00a0odm\u00f3wienia przyj\u0119cia przesy\u0142ki, a nast\u0119pnie skontaktowanie si\u0119 z nami pod numerem telefonu 12\u00a0413 83 74. Po op\u0142aceniu kwoty pobrania i pokwitowaniu odbioru paczki istnieje mo\u017cliwo\u015b\u0107\u00a0otwarcia paczki w obecno\u015bci kuriera &#8211; w przypadku stwierdzenia niezgodno\u015bci, sporz\u0105dzany jest protok\u00f3\u0142 rozbie\u017cno\u015bci, kt\u00f3ry stanowi podstaw\u0119 p\u00f3\u017aniejszej reklamacji. Je\u017celi [&hellip;]<\/p>\n","protected":false},"author":1,"featured_media":0,"parent":0,"menu_order":0,"comment_status":"closed","ping_status":"closed","template":"","meta":{"footnotes":""},"class_list":["post-12689","page","type-page","status-publish","hentry"],"yoast_head":"<!-- This site is optimized with the Yoast SEO plugin v24.4 - https:\/\/yoast.com\/wordpress\/plugins\/seo\/ -->\n<title>Gwarancja i serwis - AbcDom e-sklep z panelami podlogowymi<\/title>\n<meta name=\"robots\" content=\"index, follow, max-snippet:-1, max-image-preview:large, max-video-preview:-1\" \/>\n<link rel=\"canonical\" href=\"https:\/\/abcdomkrakow.pl\/sklep\/gwarancja-i-serwis\/\" \/>\n<meta property=\"og:locale\" content=\"pl_PL\" \/>\n<meta property=\"og:type\" content=\"article\" \/>\n<meta property=\"og:title\" content=\"Gwarancja i serwis - AbcDom e-sklep z panelami podlogowymi\" \/>\n<meta property=\"og:description\" content=\"Gwarancja i serwis &nbsp; Cz\u0119\u015b\u0107 produkt\u00f3w sprzedawanych w naszym sklepie posiada gwarancj\u0119 producenta.\u00a0W przypadku wykrycia wady w sprz\u0119cie obj\u0119tym gwarancj\u0105, skontaktuj si\u0119 z najbli\u017cszym punktem serwisowym, wskazanym w karcie gwarancyjnej lub na stronach internetowych producent\u00f3w.\u00a0Jest to bardzo szybki proces reklamacji, kt\u00f3ry pozwala w najkr\u00f3tszym czasie doprowadzi\u0107 sprz\u0119t\u00a0do sprawno\u015bci. Uwaga: prosimy o zachowanie dowodu zakupu (paragon lub faktura) i oryginalnego opakowania a\u017c do momentu zako\u0144czenia okresu gwarancyjnego &#8211; stanowi\u0105 one podstaw\u0119 do zg\u0142aszania reklamacji. &nbsp; Reklamacje &nbsp; Przed odebraniem przesy\u0142ki zawsze sprawd\u017a, czy nie uleg\u0142a uszkodzeniu w transporcie. Je\u017celi opakowanie posiada\u00a0widoczne uszkodzenia\u00a0zewn\u0119trzne, zalecamy\u00a0odm\u00f3wienia przyj\u0119cia przesy\u0142ki, a nast\u0119pnie skontaktowanie si\u0119 z nami pod numerem telefonu 12\u00a0413 83 74. Po op\u0142aceniu kwoty pobrania i pokwitowaniu odbioru paczki istnieje mo\u017cliwo\u015b\u0107\u00a0otwarcia paczki w obecno\u015bci kuriera &#8211; w przypadku stwierdzenia niezgodno\u015bci, sporz\u0105dzany jest protok\u00f3\u0142 rozbie\u017cno\u015bci, kt\u00f3ry stanowi podstaw\u0119 p\u00f3\u017aniejszej reklamacji. Je\u017celi [&hellip;]\" \/>\n<meta property=\"og:url\" content=\"https:\/\/abcdomkrakow.pl\/sklep\/gwarancja-i-serwis\/\" \/>\n<meta property=\"og:site_name\" content=\"AbcDom e-sklep z panelami podlogowymi\" \/>\n<meta property=\"article:modified_time\" content=\"2020-10-29T14:59:55+00:00\" \/>\n<meta name=\"twitter:card\" content=\"summary_large_image\" \/>\n<meta name=\"twitter:label1\" content=\"Szacowany czas czytania\" \/>\n\t<meta name=\"twitter:data1\" content=\"3 minuty\" \/>\n<script type=\"application\/ld+json\" class=\"yoast-schema-graph\">{\"@context\":\"https:\/\/schema.org\",\"@graph\":[{\"@type\":\"WebPage\",\"@id\":\"https:\/\/abcdomkrakow.pl\/sklep\/gwarancja-i-serwis\/\",\"url\":\"https:\/\/abcdomkrakow.pl\/sklep\/gwarancja-i-serwis\/\",\"name\":\"Gwarancja i serwis - AbcDom e-sklep z panelami podlogowymi\",\"isPartOf\":{\"@id\":\"https:\/\/abcdomkrakow.pl\/sklep\/#website\"},\"datePublished\":\"2020-10-29T14:43:03+00:00\",\"dateModified\":\"2020-10-29T14:59:55+00:00\",\"breadcrumb\":{\"@id\":\"https:\/\/abcdomkrakow.pl\/sklep\/gwarancja-i-serwis\/#breadcrumb\"},\"inLanguage\":\"pl-PL\",\"potentialAction\":[{\"@type\":\"ReadAction\",\"target\":[\"https:\/\/abcdomkrakow.pl\/sklep\/gwarancja-i-serwis\/\"]}]},{\"@type\":\"BreadcrumbList\",\"@id\":\"https:\/\/abcdomkrakow.pl\/sklep\/gwarancja-i-serwis\/#breadcrumb\",\"itemListElement\":[{\"@type\":\"ListItem\",\"position\":1,\"name\":\"Strona g\u0142\u00f3wna\",\"item\":\"https:\/\/abcdomkrakow.pl\/sklep\/\"},{\"@type\":\"ListItem\",\"position\":2,\"name\":\"Gwarancja i serwis\"}]},{\"@type\":\"WebSite\",\"@id\":\"https:\/\/abcdomkrakow.pl\/sklep\/#website\",\"url\":\"https:\/\/abcdomkrakow.pl\/sklep\/\",\"name\":\"AbcDom e-sklep z panelami podlogowymi\",\"description\":\"Oferujemy panele pod\u0142ogowe i parkiety. Panele winylowe i laminowane od producent\u00f3w Quickstep oraz Pergo. Szybka wycena, mo\u017cliwo\u015bc monta\u017cu i ciekawe promocje.\",\"publisher\":{\"@id\":\"https:\/\/abcdomkrakow.pl\/sklep\/#organization\"},\"potentialAction\":[{\"@type\":\"SearchAction\",\"target\":{\"@type\":\"EntryPoint\",\"urlTemplate\":\"https:\/\/abcdomkrakow.pl\/sklep\/?s={search_term_string}\"},\"query-input\":{\"@type\":\"PropertyValueSpecification\",\"valueRequired\":true,\"valueName\":\"search_term_string\"}}],\"inLanguage\":\"pl-PL\"},{\"@type\":\"Organization\",\"@id\":\"https:\/\/abcdomkrakow.pl\/sklep\/#organization\",\"name\":\"AbcDom Krak\u00f3w Sklep z Panelami Pod\u0142ogowymi\",\"url\":\"https:\/\/abcdomkrakow.pl\/sklep\/\",\"logo\":{\"@type\":\"ImageObject\",\"inLanguage\":\"pl-PL\",\"@id\":\"https:\/\/abcdomkrakow.pl\/sklep\/#\/schema\/logo\/image\/\",\"url\":\"https:\/\/abcdomkrakow.pl\/sklep\/wp-content\/uploads\/2020\/04\/logo-abcdom-krakow-drzwi-podlogi.png\",\"contentUrl\":\"https:\/\/abcdomkrakow.pl\/sklep\/wp-content\/uploads\/2020\/04\/logo-abcdom-krakow-drzwi-podlogi.png\",\"width\":230,\"height\":49,\"caption\":\"AbcDom Krak\u00f3w Sklep z Panelami Pod\u0142ogowymi\"},\"image\":{\"@id\":\"https:\/\/abcdomkrakow.pl\/sklep\/#\/schema\/logo\/image\/\"}}]}<\/script>\n<!-- \/ Yoast SEO plugin. -->","yoast_head_json":{"title":"Gwarancja i serwis - AbcDom e-sklep z panelami podlogowymi","robots":{"index":"index","follow":"follow","max-snippet":"max-snippet:-1","max-image-preview":"max-image-preview:large","max-video-preview":"max-video-preview:-1"},"canonical":"https:\/\/abcdomkrakow.pl\/sklep\/gwarancja-i-serwis\/","og_locale":"pl_PL","og_type":"article","og_title":"Gwarancja i serwis - AbcDom e-sklep z panelami podlogowymi","og_description":"Gwarancja i serwis &nbsp; Cz\u0119\u015b\u0107 produkt\u00f3w sprzedawanych w naszym sklepie posiada gwarancj\u0119 producenta.\u00a0W przypadku wykrycia wady w sprz\u0119cie obj\u0119tym gwarancj\u0105, skontaktuj si\u0119 z najbli\u017cszym punktem serwisowym, wskazanym w karcie gwarancyjnej lub na stronach internetowych producent\u00f3w.\u00a0Jest to bardzo szybki proces reklamacji, kt\u00f3ry pozwala w najkr\u00f3tszym czasie doprowadzi\u0107 sprz\u0119t\u00a0do sprawno\u015bci. Uwaga: prosimy o zachowanie dowodu zakupu (paragon lub faktura) i oryginalnego opakowania a\u017c do momentu zako\u0144czenia okresu gwarancyjnego &#8211; stanowi\u0105 one podstaw\u0119 do zg\u0142aszania reklamacji. &nbsp; Reklamacje &nbsp; Przed odebraniem przesy\u0142ki zawsze sprawd\u017a, czy nie uleg\u0142a uszkodzeniu w transporcie. Je\u017celi opakowanie posiada\u00a0widoczne uszkodzenia\u00a0zewn\u0119trzne, zalecamy\u00a0odm\u00f3wienia przyj\u0119cia przesy\u0142ki, a nast\u0119pnie skontaktowanie si\u0119 z nami pod numerem telefonu 12\u00a0413 83 74. Po op\u0142aceniu kwoty pobrania i pokwitowaniu odbioru paczki istnieje mo\u017cliwo\u015b\u0107\u00a0otwarcia paczki w obecno\u015bci kuriera &#8211; w przypadku stwierdzenia niezgodno\u015bci, sporz\u0105dzany jest protok\u00f3\u0142 rozbie\u017cno\u015bci, kt\u00f3ry stanowi podstaw\u0119 p\u00f3\u017aniejszej reklamacji. Je\u017celi [&hellip;]","og_url":"https:\/\/abcdomkrakow.pl\/sklep\/gwarancja-i-serwis\/","og_site_name":"AbcDom e-sklep z panelami podlogowymi","article_modified_time":"2020-10-29T14:59:55+00:00","twitter_card":"summary_large_image","twitter_misc":{"Szacowany czas czytania":"3 minuty"},"schema":{"@context":"https:\/\/schema.org","@graph":[{"@type":"WebPage","@id":"https:\/\/abcdomkrakow.pl\/sklep\/gwarancja-i-serwis\/","url":"https:\/\/abcdomkrakow.pl\/sklep\/gwarancja-i-serwis\/","name":"Gwarancja i serwis - AbcDom e-sklep z panelami podlogowymi","isPartOf":{"@id":"https:\/\/abcdomkrakow.pl\/sklep\/#website"},"datePublished":"2020-10-29T14:43:03+00:00","dateModified":"2020-10-29T14:59:55+00:00","breadcrumb":{"@id":"https:\/\/abcdomkrakow.pl\/sklep\/gwarancja-i-serwis\/#breadcrumb"},"inLanguage":"pl-PL","potentialAction":[{"@type":"ReadAction","target":["https:\/\/abcdomkrakow.pl\/sklep\/gwarancja-i-serwis\/"]}]},{"@type":"BreadcrumbList","@id":"https:\/\/abcdomkrakow.pl\/sklep\/gwarancja-i-serwis\/#breadcrumb","itemListElement":[{"@type":"ListItem","position":1,"name":"Strona g\u0142\u00f3wna","item":"https:\/\/abcdomkrakow.pl\/sklep\/"},{"@type":"ListItem","position":2,"name":"Gwarancja i serwis"}]},{"@type":"WebSite","@id":"https:\/\/abcdomkrakow.pl\/sklep\/#website","url":"https:\/\/abcdomkrakow.pl\/sklep\/","name":"AbcDom e-sklep z panelami podlogowymi","description":"Oferujemy panele pod\u0142ogowe i parkiety. Panele winylowe i laminowane od producent\u00f3w Quickstep oraz Pergo. Szybka wycena, mo\u017cliwo\u015bc monta\u017cu i ciekawe promocje.","publisher":{"@id":"https:\/\/abcdomkrakow.pl\/sklep\/#organization"},"potentialAction":[{"@type":"SearchAction","target":{"@type":"EntryPoint","urlTemplate":"https:\/\/abcdomkrakow.pl\/sklep\/?s={search_term_string}"},"query-input":{"@type":"PropertyValueSpecification","valueRequired":true,"valueName":"search_term_string"}}],"inLanguage":"pl-PL"},{"@type":"Organization","@id":"https:\/\/abcdomkrakow.pl\/sklep\/#organization","name":"AbcDom Krak\u00f3w Sklep z Panelami Pod\u0142ogowymi","url":"https:\/\/abcdomkrakow.pl\/sklep\/","logo":{"@type":"ImageObject","inLanguage":"pl-PL","@id":"https:\/\/abcdomkrakow.pl\/sklep\/#\/schema\/logo\/image\/","url":"https:\/\/abcdomkrakow.pl\/sklep\/wp-content\/uploads\/2020\/04\/logo-abcdom-krakow-drzwi-podlogi.png","contentUrl":"https:\/\/abcdomkrakow.pl\/sklep\/wp-content\/uploads\/2020\/04\/logo-abcdom-krakow-drzwi-podlogi.png","width":230,"height":49,"caption":"AbcDom Krak\u00f3w Sklep z Panelami Pod\u0142ogowymi"},"image":{"@id":"https:\/\/abcdomkrakow.pl\/sklep\/#\/schema\/logo\/image\/"}}]}},"_links":{"self":[{"href":"https:\/\/abcdomkrakow.pl\/sklep\/wp-json\/wp\/v2\/pages\/12689","targetHints":{"allow":["GET"]}}],"collection":[{"href":"https:\/\/abcdomkrakow.pl\/sklep\/wp-json\/wp\/v2\/pages"}],"about":[{"href":"https:\/\/abcdomkrakow.pl\/sklep\/wp-json\/wp\/v2\/types\/page"}],"author":[{"embeddable":true,"href":"https:\/\/abcdomkrakow.pl\/sklep\/wp-json\/wp\/v2\/users\/1"}],"replies":[{"embeddable":true,"href":"https:\/\/abcdomkrakow.pl\/sklep\/wp-json\/wp\/v2\/comments?post=12689"}],"version-history":[{"count":1,"href":"https:\/\/abcdomkrakow.pl\/sklep\/wp-json\/wp\/v2\/pages\/12689\/revisions"}],"predecessor-version":[{"id":12690,"href":"https:\/\/abcdomkrakow.pl\/sklep\/wp-json\/wp\/v2\/pages\/12689\/revisions\/12690"}],"wp:attachment":[{"href":"https:\/\/abcdomkrakow.pl\/sklep\/wp-json\/wp\/v2\/media?parent=12689"}],"curies":[{"name":"wp","href":"https:\/\/api.w.org\/{rel}","templated":true}]}}