{"id":13412,"date":"2016-03-17T16:21:03","date_gmt":"2016-03-17T15:21:03","guid":{"rendered":"http:\/\/democontent.codex-themes.com\/thegem\/?page_id=13412"},"modified":"2025-10-03T16:08:01","modified_gmt":"2025-10-03T14:08:01","slug":"kontakt","status":"publish","type":"page","link":"https:\/\/abcdomkrakow.pl\/bramy-garazowe\/kontakt\/","title":{"rendered":"Kontakt"},"content":{"rendered":"<div class=\"wpb-content-wrapper\"><p>[vc_row css=&#8221;.vc_custom_1458232460397{margin-bottom: 0px !important;}&#8221;][vc_column]<div class=\"clearboth\"><\/div><style>#thegem-divider-6a09b4418f8c7 {margin-top: 120px !important;}<\/style><div id=\"thegem-divider-6a09b4418f8c7\" class=\"gem-divider  \" style=\"\" ><\/div>[\/vc_column][\/vc_row][vc_row css=&#8221;.vc_custom_1458232460397{margin-bottom: 0px !important;}&#8221;][vc_column offset=&#8221;vc_col-lg-9 vc_col-md-9&#8243;][vc_raw_html css=&#8221;&#8221;]JTNDaWZyYW1lJTIwc3JjJTNEJTIyaHR0cHMlM0ElMkYlMkZ3d3cuZ29vZ2xlLmNvbSUyRm1hcHMlMkZlbWJlZCUzRnBiJTNEJTIxMW0xOCUyMTFtMTIlMjExbTMlMjExZDExOTQzLjQ5NTYwMjYzNjA3JTIxMmQxOS45NTY0ODM3NzgyNzE2OSUyMTNkNTAuMDkzMzYxMDI0Mjg2MjglMjEybTMlMjExZjAlMjEyZjAlMjEzZjAlMjEzbTIlMjExaTEwMjQlMjEyaTc2OCUyMTRmMTMuMSUyMTNtMyUyMTFtMiUyMTFzMHg0NzE2NGFmMDJiZDJmNGE1JTI1M0EweDllZjUxYTAxYWQ2NjU3MzMlMjEyc0FCQyUyNTIwRG9tJTI1MjAlMjU3QyUyNTIwRHJ6d2klMjUyMHpld24lMjVDNCUyNTk5dHJ6bmUlMjUyMGklMjUyMHdld24lMjVDNCUyNTk5dHJ6bmUlMjUyMCUyNTdDJTI1MjBQb2QlMjVDNSUyNTgyb2dpJTI1MjBkcmV3bmlhbmUlMjE1ZTAlMjEzbTIlMjExc3BsJTIxMnNwbCUyMTR2MTc1OTUwMDMzNjAzMSUyMTVtMiUyMTFzcGwlMjEyc3BsJTIyJTIwaGVpZ2h0JTNEJTIyNDUwJTIyJTIwZnJhbWVib3JkZXIlM0QlMjIwJTIyJTIwc3R5bGUlM0QlMjJib3JkZXIlM0EwJTNCJTIwd2lkdGglM0ElMjAxMDAlMjUlM0IlMjBtYXJnaW4tdG9wJTNBJTIwMjVweCUzQiUyMiUyMGFsbG93ZnVsbHNjcmVlbiUyMiUzRSUzQyUyRmlmcmFtZSUzRQ==[\/vc_raw_html][\/vc_column][vc_column el_class=&#8221;map-sidebar&#8221; offset=&#8221;vc_col-lg-3 vc_col-md-3&#8243;]<div class=\"gem-image gem-wrapbox gem-wrapbox-style-default gem-wrapbox-position-left  thegem-custom-6a09b4418f9cd1455\"  style=\"\" ><div class=\"gem-wrapbox-inner \" ><img class=\"gem-wrapbox-element img-responsive\" src=\"https:\/\/abcdomkrakow.pl\/bramy-garazowe\/wp-content\/uploads\/2019\/06\/logo-abcdom-bramy-garazowe.png\" alt=\"\"\/><\/div><\/div><div class=\"clearboth\"><\/div><style>#thegem-divider-6a09b4418fdff {margin-top: 1px !important;}<\/style><div id=\"thegem-divider-6a09b4418fdff\" class=\"gem-divider  \" style=\"\" ><\/div>[vc_column_text]Salon\u00a0 sprzeda\u017cy segmentowych bram gara\u017cowych Wi\u015bniowski oraz Hormann.[\/vc_column_text][vc_column_text]<\/p>\n<div class=\"gem-contacts-item gem-contacts-address\">Adres:<\/div>\n<div class=\"gem-contacts-item\">Ksi\u0119dza J\u00f3zefa Meiera 11,<\/div>\n<div>31-236 Krak\u00f3w<\/div>\n<p>[\/vc_column_text][vc_column_text]<\/p>\n<div class=\"gem-contacts-item gem-contacts-phone\">Telefon: <a href=\"tel:+48-731-017-373\">+48-731-017-373<\/a><\/div>\n<div class=\"gem-contacts-item gem-contacts-email\">Email: <a href=\"mailto:zapytania@abcdomkrakow.pl\">zapytania@abcdomkrakow.pl<\/a><\/div>\n<p>[\/vc_column_text][vc_column_text css=&#8221;&#8221;]<\/p>\n<div class=\"gem-contacts-item gem-contacts-whours\">Godziny otwarcia:<\/div>\n<div class=\"gem-contacts-item\">Pon \u2013 Pt : 10:00 \u2013 18:00<br \/>\nSob: Zamkni\u0119te<\/div>\n<p>[\/vc_column_text][\/vc_column][\/vc_row][vc_row][vc_column]<div class=\"clearboth\"><\/div><style>#thegem-divider-6a09b4418fe10 {margin-top: 90px !important;}<\/style><div id=\"thegem-divider-6a09b4418fe10\" class=\"gem-divider  \" style=\"\" ><\/div>[\/vc_column][\/vc_row][vc_row css=&#8221;.vc_custom_1458284999205{margin-bottom: 0px !important;}&#8221;][vc_column][vc_empty_space height=&#8221;70px&#8221;]<div id=\"fullwidth-block-6a09b4418fe33\" class=\"fullwidth-block clearfix\"  style=\"background-color: #bf9c61;padding-top: 65px;padding-bottom: 65px;\"><script type=\"text\/javascript\">if (typeof(gem_fix_fullwidth_position) == \"function\") { gem_fix_fullwidth_position(document.getElementById(\"fullwidth-block-6a09b4418fe33\")); }<\/script><div class=\"fullwidth-block-inner\"><div class=\"container\">[vc_row_inner][vc_column_inner css=&#8221;.vc_custom_1458238230735{margin-top: 10px !important;}&#8221; offset=&#8221;vc_col-lg-4 vc_col-md-6&#8243;]<div class=\"gem-image gem-wrapbox gem-wrapbox-style-default gem-wrapbox-position-below  thegem-custom-6a09b4418fe581397\"  style=\"\" ><div class=\"gem-wrapbox-inner \" ><img class=\"gem-wrapbox-element img-responsive\" src=\"https:\/\/abcdomkrakow.pl\/bramy-garazowe\/wp-content\/uploads\/2019\/06\/logo_abc-white.png\" alt=\"\"\/><\/div><\/div>[\/vc_column_inner][vc_column_inner css=&#8221;.vc_custom_1458238263931{margin-top: 37px !important;}&#8221; offset=&#8221;vc_col-lg-6 vc_col-md-6&#8243;][vc_column_text]<\/p>\n<div class=\"styled-subtitle\" style=\"text-align: center;\"><span style=\"color: #ffffff;\">Zobacz nasz\u0105 szerok\u0105 i efektown\u0105 ofert\u0119 drzwi i pod\u0142\u00f3g<\/span><\/div>\n<p>[\/vc_column_text][\/vc_column_inner][vc_column_inner offset=&#8221;vc_col-lg-2 vc_col-md-12&#8243;]<style type=\"text\/css\">.thegem-button-6a09b441901106287 .gem-button svg {fill: #ffffff;}.thegem-button-6a09b441901106287 .gem-button:hover svg {fill: #ffffff;}<\/style><div class=\"gem-button-container gem-button-position-center thegem-button-6a09b441901106287    \"  ><a title=\"Salon ABC Dom\" class=\"gem-button gem-button-size-medium gem-button-style-outline gem-button-text-weight-normal gem-button-border-2\" data-ll-effect=\"drop-right-without-wrap\" style=\"border-radius: 0px;border-color: #ffffff;color: #ffffff;\" onmouseleave=\"this.style.borderColor='#ffffff';this.style.backgroundColor='transparent';this.style.color='#ffffff';\" onmouseenter=\"this.style.borderColor='#ffffff';this.style.backgroundColor='#bf9c61';this.style.color='#ffffff';\" href=\"https:\/\/abcdomkrakow.pl\/\" target=\"_self\">abcdomkrakow.pl<\/a><\/div> [\/vc_column_inner][\/vc_row_inner]<\/div><\/div><\/div>[\/vc_column][\/vc_row][vc_row full_width=&#8221;stretch_row_content_no_spaces&#8221; css=&#8221;.vc_custom_1560877931048{margin-bottom: 0px !important;background-image: url(https:\/\/abcdomkrakow.pl\/bramy-garazowe\/wp-content\/uploads\/2019\/06\/salon-drzwi-podlogi-krakow-b.jpg?id=31572) !important;}&#8221;][vc_column css=&#8221;.vc_custom_1461423401133{margin-bottom: -1px !important;padding-right: 0px !important;padding-left: 0px !important;}&#8221;][vc_empty_space height=&#8221;600px&#8221;][vc_empty_space height=&#8221;145px&#8221;][\/vc_column][\/vc_row][vc_row full_width=&#8221;stretch_row_content_no_spaces&#8221; css=&#8221;.vc_custom_1560878239060{background-color: #181818 !important;}&#8221;][vc_column][vc_column_text]<\/p>\n<p style=\"text-align: center; font-size: 14px;\"><span style=\"color: #8b8b8b;\">\u00a9 Copyright 2019<\/span> <a href=\"https:\/\/abcdomkrakow.pl\">ABC Dom Krak\u00f3w<\/a><\/p>\n<p>[\/vc_column_text][\/vc_column][\/vc_row]<\/p>\n<\/div>","protected":false},"excerpt":{"rendered":"<p>[vc_row css=&#8221;.vc_custom_1458232460397{margin-bottom: 0px !important;}&#8221;][vc_column][\/vc_column][\/vc_row][vc_row css=&#8221;.vc_custom_1458232460397{margin-bottom: 0px !important;}&#8221;][vc_column offset=&#8221;vc_col-lg-9 vc_col-md-9&#8243;][vc_raw_html css=&#8221;&#8221;]JTNDaWZyYW1lJTIwc3JjJTNEJTIyaHR0cHMlM0ElMkYlMkZ3d3cuZ29vZ2xlLmNvbSUyRm1hcHMlMkZlbWJlZCUzRnBiJTNEJTIxMW0xOCUyMTFtMTIlMjExbTMlMjExZDExOTQzLjQ5NTYwMjYzNjA3JTIxMmQxOS45NTY0ODM3NzgyNzE2OSUyMTNkNTAuMDkzMzYxMDI0Mjg2MjglMjEybTMlMjExZjAlMjEyZjAlMjEzZjAlMjEzbTIlMjExaTEwMjQlMjEyaTc2OCUyMTRmMTMuMSUyMTNtMyUyMTFtMiUyMTFzMHg0NzE2NGFmMDJiZDJmNGE1JTI1M0EweDllZjUxYTAxYWQ2NjU3MzMlMjEyc0FCQyUyNTIwRG9tJTI1MjAlMjU3QyUyNTIwRHJ6d2klMjUyMHpld24lMjVDNCUyNTk5dHJ6bmUlMjUyMGklMjUyMHdld24lMjVDNCUyNTk5dHJ6bmUlMjUyMCUyNTdDJTI1MjBQb2QlMjVDNSUyNTgyb2dpJTI1MjBkcmV3bmlhbmUlMjE1ZTAlMjEzbTIlMjExc3BsJTIxMnNwbCUyMTR2MTc1OTUwMDMzNjAzMSUyMTVtMiUyMTFzcGwlMjEyc3BsJTIyJTIwaGVpZ2h0JTNEJTIyNDUwJTIyJTIwZnJhbWVib3JkZXIlM0QlMjIwJTIyJTIwc3R5bGUlM0QlMjJib3JkZXIlM0EwJTNCJTIwd2lkdGglM0ElMjAxMDAlMjUlM0IlMjBtYXJnaW4tdG9wJTNBJTIwMjVweCUzQiUyMiUyMGFsbG93ZnVsbHNjcmVlbiUyMiUzRSUzQyUyRmlmcmFtZSUzRQ==[\/vc_raw_html][\/vc_column][vc_column el_class=&#8221;map-sidebar&#8221; offset=&#8221;vc_col-lg-3 vc_col-md-3&#8243;][vc_column_text]Salon\u00a0 sprzeda\u017cy segmentowych bram gara\u017cowych Wi\u015bniowski oraz Hormann.[\/vc_column_text][vc_column_text]&#8230;<\/p>\n","protected":false},"author":1,"featured_media":0,"parent":0,"menu_order":0,"comment_status":"closed","ping_status":"closed","template":"","meta":{"footnotes":""},"class_list":["post-13412","page","type-page","status-publish"],"yoast_head":"<!-- This site is optimized with the Yoast SEO plugin v24.4 - https:\/\/yoast.com\/wordpress\/plugins\/seo\/ -->\n<title>Kontakt | Bramy gara\u017cowe | ABC Dom Krak\u00f3w<\/title>\n<meta name=\"description\" content=\"Dane kontaktowe - bramy Hormann oraz Wi\u015bniowski - Meiera 11, Krak\u00f3w - Telefon: +48-731-017-373 - Email: zapytania@abcdomkrakow.pl\" \/>\n<meta name=\"robots\" content=\"index, follow, max-snippet:-1, max-image-preview:large, max-video-preview:-1\" \/>\n<link rel=\"canonical\" href=\"https:\/\/abcdomkrakow.pl\/bramy-garazowe\/kontakt\/\" \/>\n<meta property=\"og:locale\" content=\"pl_PL\" \/>\n<meta property=\"og:type\" content=\"article\" \/>\n<meta property=\"og:title\" content=\"Kontakt | Bramy gara\u017cowe | ABC Dom Krak\u00f3w\" \/>\n<meta property=\"og:description\" content=\"Dane kontaktowe - bramy Hormann oraz Wi\u015bniowski - Meiera 11, Krak\u00f3w - Telefon: +48-731-017-373 - Email: zapytania@abcdomkrakow.pl\" \/>\n<meta property=\"og:url\" content=\"https:\/\/abcdomkrakow.pl\/bramy-garazowe\/kontakt\/\" \/>\n<meta property=\"og:site_name\" content=\"Bramy Gara\u017cowe Krak\u00f3w\" \/>\n<meta property=\"article:publisher\" content=\"https:\/\/www.facebook.com\/abcdomkrakow\/\" \/>\n<meta property=\"article:modified_time\" content=\"2025-10-03T14:08:01+00:00\" \/>\n<meta property=\"og:image\" content=\"https:\/\/abcdomkrakow.pl\/bramy-garazowe\/wp-content\/uploads\/2019\/06\/salon-drzwi-podlogi-krakow-b.jpg\" \/>\n\t<meta property=\"og:image:width\" content=\"1500\" \/>\n\t<meta property=\"og:image:height\" content=\"1000\" \/>\n\t<meta property=\"og:image:type\" content=\"image\/jpeg\" \/>\n<meta name=\"twitter:card\" content=\"summary_large_image\" \/>\n<meta name=\"twitter:label1\" content=\"Szacowany czas czytania\" \/>\n\t<meta name=\"twitter:data1\" content=\"2 minuty\" \/>\n<script type=\"application\/ld+json\" class=\"yoast-schema-graph\">{\"@context\":\"https:\/\/schema.org\",\"@graph\":[{\"@type\":\"WebPage\",\"@id\":\"https:\/\/abcdomkrakow.pl\/bramy-garazowe\/kontakt\/\",\"url\":\"https:\/\/abcdomkrakow.pl\/bramy-garazowe\/kontakt\/\",\"name\":\"Kontakt | Bramy gara\u017cowe | ABC Dom Krak\u00f3w\",\"isPartOf\":{\"@id\":\"https:\/\/abcdomkrakow.pl\/bramy-garazowe\/#website\"},\"datePublished\":\"2016-03-17T15:21:03+00:00\",\"dateModified\":\"2025-10-03T14:08:01+00:00\",\"description\":\"Dane kontaktowe - bramy Hormann oraz Wi\u015bniowski - Meiera 11, Krak\u00f3w - Telefon: +48-731-017-373 - Email: zapytania@abcdomkrakow.pl\",\"breadcrumb\":{\"@id\":\"https:\/\/abcdomkrakow.pl\/bramy-garazowe\/kontakt\/#breadcrumb\"},\"inLanguage\":\"pl-PL\",\"potentialAction\":[{\"@type\":\"ReadAction\",\"target\":[\"https:\/\/abcdomkrakow.pl\/bramy-garazowe\/kontakt\/\"]}]},{\"@type\":\"BreadcrumbList\",\"@id\":\"https:\/\/abcdomkrakow.pl\/bramy-garazowe\/kontakt\/#breadcrumb\",\"itemListElement\":[{\"@type\":\"ListItem\",\"position\":1,\"name\":\"Strona g\u0142\u00f3wna\",\"item\":\"https:\/\/abcdomkrakow.pl\/bramy-garazowe\/\"},{\"@type\":\"ListItem\",\"position\":2,\"name\":\"Kontakt\"}]},{\"@type\":\"WebSite\",\"@id\":\"https:\/\/abcdomkrakow.pl\/bramy-garazowe\/#website\",\"url\":\"https:\/\/abcdomkrakow.pl\/bramy-garazowe\/\",\"name\":\"Bramy Gara\u017cowe Krak\u00f3w\",\"description\":\"\",\"publisher\":{\"@id\":\"https:\/\/abcdomkrakow.pl\/bramy-garazowe\/#organization\"},\"potentialAction\":[{\"@type\":\"SearchAction\",\"target\":{\"@type\":\"EntryPoint\",\"urlTemplate\":\"https:\/\/abcdomkrakow.pl\/bramy-garazowe\/?s={search_term_string}\"},\"query-input\":{\"@type\":\"PropertyValueSpecification\",\"valueRequired\":true,\"valueName\":\"search_term_string\"}}],\"inLanguage\":\"pl-PL\"},{\"@type\":\"Organization\",\"@id\":\"https:\/\/abcdomkrakow.pl\/bramy-garazowe\/#organization\",\"name\":\"ABC Dom Bramy Gara\u017cowe\",\"url\":\"https:\/\/abcdomkrakow.pl\/bramy-garazowe\/\",\"logo\":{\"@type\":\"ImageObject\",\"inLanguage\":\"pl-PL\",\"@id\":\"https:\/\/abcdomkrakow.pl\/bramy-garazowe\/#\/schema\/logo\/image\/\",\"url\":\"https:\/\/abcdomkrakow.pl\/bramy-garazowe\/wp-content\/uploads\/2019\/06\/logo-abcdom-bramy-garazowe.png\",\"contentUrl\":\"https:\/\/abcdomkrakow.pl\/bramy-garazowe\/wp-content\/uploads\/2019\/06\/logo-abcdom-bramy-garazowe.png\",\"width\":240,\"height\":83,\"caption\":\"ABC Dom Bramy Gara\u017cowe\"},\"image\":{\"@id\":\"https:\/\/abcdomkrakow.pl\/bramy-garazowe\/#\/schema\/logo\/image\/\"},\"sameAs\":[\"https:\/\/www.facebook.com\/abcdomkrakow\/\"]}]}<\/script>\n<!-- \/ Yoast SEO plugin. -->","yoast_head_json":{"title":"Kontakt | Bramy gara\u017cowe | ABC Dom Krak\u00f3w","description":"Dane kontaktowe - bramy Hormann oraz Wi\u015bniowski - Meiera 11, Krak\u00f3w - Telefon: +48-731-017-373 - Email: zapytania@abcdomkrakow.pl","robots":{"index":"index","follow":"follow","max-snippet":"max-snippet:-1","max-image-preview":"max-image-preview:large","max-video-preview":"max-video-preview:-1"},"canonical":"https:\/\/abcdomkrakow.pl\/bramy-garazowe\/kontakt\/","og_locale":"pl_PL","og_type":"article","og_title":"Kontakt | Bramy gara\u017cowe | ABC Dom Krak\u00f3w","og_description":"Dane kontaktowe - bramy Hormann oraz Wi\u015bniowski - Meiera 11, Krak\u00f3w - Telefon: +48-731-017-373 - Email: zapytania@abcdomkrakow.pl","og_url":"https:\/\/abcdomkrakow.pl\/bramy-garazowe\/kontakt\/","og_site_name":"Bramy Gara\u017cowe Krak\u00f3w","article_publisher":"https:\/\/www.facebook.com\/abcdomkrakow\/","article_modified_time":"2025-10-03T14:08:01+00:00","og_image":[{"width":1500,"height":1000,"url":"https:\/\/abcdomkrakow.pl\/bramy-garazowe\/wp-content\/uploads\/2019\/06\/salon-drzwi-podlogi-krakow-b.jpg","type":"image\/jpeg"}],"twitter_card":"summary_large_image","twitter_misc":{"Szacowany czas czytania":"2 minuty"},"schema":{"@context":"https:\/\/schema.org","@graph":[{"@type":"WebPage","@id":"https:\/\/abcdomkrakow.pl\/bramy-garazowe\/kontakt\/","url":"https:\/\/abcdomkrakow.pl\/bramy-garazowe\/kontakt\/","name":"Kontakt | Bramy gara\u017cowe | ABC Dom Krak\u00f3w","isPartOf":{"@id":"https:\/\/abcdomkrakow.pl\/bramy-garazowe\/#website"},"datePublished":"2016-03-17T15:21:03+00:00","dateModified":"2025-10-03T14:08:01+00:00","description":"Dane kontaktowe - bramy Hormann oraz Wi\u015bniowski - Meiera 11, Krak\u00f3w - Telefon: +48-731-017-373 - Email: zapytania@abcdomkrakow.pl","breadcrumb":{"@id":"https:\/\/abcdomkrakow.pl\/bramy-garazowe\/kontakt\/#breadcrumb"},"inLanguage":"pl-PL","potentialAction":[{"@type":"ReadAction","target":["https:\/\/abcdomkrakow.pl\/bramy-garazowe\/kontakt\/"]}]},{"@type":"BreadcrumbList","@id":"https:\/\/abcdomkrakow.pl\/bramy-garazowe\/kontakt\/#breadcrumb","itemListElement":[{"@type":"ListItem","position":1,"name":"Strona g\u0142\u00f3wna","item":"https:\/\/abcdomkrakow.pl\/bramy-garazowe\/"},{"@type":"ListItem","position":2,"name":"Kontakt"}]},{"@type":"WebSite","@id":"https:\/\/abcdomkrakow.pl\/bramy-garazowe\/#website","url":"https:\/\/abcdomkrakow.pl\/bramy-garazowe\/","name":"Bramy Gara\u017cowe Krak\u00f3w","description":"","publisher":{"@id":"https:\/\/abcdomkrakow.pl\/bramy-garazowe\/#organization"},"potentialAction":[{"@type":"SearchAction","target":{"@type":"EntryPoint","urlTemplate":"https:\/\/abcdomkrakow.pl\/bramy-garazowe\/?s={search_term_string}"},"query-input":{"@type":"PropertyValueSpecification","valueRequired":true,"valueName":"search_term_string"}}],"inLanguage":"pl-PL"},{"@type":"Organization","@id":"https:\/\/abcdomkrakow.pl\/bramy-garazowe\/#organization","name":"ABC Dom Bramy Gara\u017cowe","url":"https:\/\/abcdomkrakow.pl\/bramy-garazowe\/","logo":{"@type":"ImageObject","inLanguage":"pl-PL","@id":"https:\/\/abcdomkrakow.pl\/bramy-garazowe\/#\/schema\/logo\/image\/","url":"https:\/\/abcdomkrakow.pl\/bramy-garazowe\/wp-content\/uploads\/2019\/06\/logo-abcdom-bramy-garazowe.png","contentUrl":"https:\/\/abcdomkrakow.pl\/bramy-garazowe\/wp-content\/uploads\/2019\/06\/logo-abcdom-bramy-garazowe.png","width":240,"height":83,"caption":"ABC Dom Bramy Gara\u017cowe"},"image":{"@id":"https:\/\/abcdomkrakow.pl\/bramy-garazowe\/#\/schema\/logo\/image\/"},"sameAs":["https:\/\/www.facebook.com\/abcdomkrakow\/"]}]}},"_links":{"self":[{"href":"https:\/\/abcdomkrakow.pl\/bramy-garazowe\/wp-json\/wp\/v2\/pages\/13412","targetHints":{"allow":["GET"]}}],"collection":[{"href":"https:\/\/abcdomkrakow.pl\/bramy-garazowe\/wp-json\/wp\/v2\/pages"}],"about":[{"href":"https:\/\/abcdomkrakow.pl\/bramy-garazowe\/wp-json\/wp\/v2\/types\/page"}],"author":[{"embeddable":true,"href":"https:\/\/abcdomkrakow.pl\/bramy-garazowe\/wp-json\/wp\/v2\/users\/1"}],"replies":[{"embeddable":true,"href":"https:\/\/abcdomkrakow.pl\/bramy-garazowe\/wp-json\/wp\/v2\/comments?post=13412"}],"version-history":[{"count":25,"href":"https:\/\/abcdomkrakow.pl\/bramy-garazowe\/wp-json\/wp\/v2\/pages\/13412\/revisions"}],"predecessor-version":[{"id":31798,"href":"https:\/\/abcdomkrakow.pl\/bramy-garazowe\/wp-json\/wp\/v2\/pages\/13412\/revisions\/31798"}],"wp:attachment":[{"href":"https:\/\/abcdomkrakow.pl\/bramy-garazowe\/wp-json\/wp\/v2\/media?parent=13412"}],"curies":[{"name":"wp","href":"https:\/\/api.w.org\/{rel}","templated":true}]}}